{"id":1090,"date":"2018-08-24T01:24:09","date_gmt":"2018-08-24T01:24:09","guid":{"rendered":"http:\/\/demo.roadthemes.com\/greenfarm\/?page_id=13"},"modified":"2021-12-19T16:39:35","modified_gmt":"2021-12-19T09:39:35","slug":"about-us","status":"publish","type":"page","link":"https:\/\/gbm.com.vn\/?page_id=1090","title":{"rendered":"About Us"},"content":{"rendered":"[vc_row el_class=&#8221;about-introduce&#8221;][vc_column][vc_single_image image=&#8221;694&#8243; img_size=&#8221;full&#8221; alignment=&#8221;center&#8221;][vc_column_text]<strong><em>GBM \u2013 C\u00c2U CHUY\u1ec6N V\u1ec0 \u201c\u01af\u1edaC M\u01a0 XANH\u201d<\/em><\/strong><\/p>\n<p>C\u00f3 bao gi\u1edd b\u1ea1n \u0111\u1eb7t ch\u00e2n xu\u1ed1ng n\u1ec1n c\u1ecf xanh m\u01b0\u1ee3t, c\u1ea3m th\u1ea5y th\u1eddi gian b\u1ed7ng ch\u1eadm l\u1ea1i v\u00e0 cu\u1ed9c \u0111\u1eddi n\u00e0y th\u1eadt \u0111\u00e1ng s\u1ed1ng bi\u1ebft bao?<\/p>\n<p>C\u00f3 bao gi\u1edd b\u1ea1n \u1ea5p \u1ee7 trong l\u00f2ng n\u1ed7i ni\u1ec1m \u0111\u01b0\u1ee3c ch\u1ea1m t\u1edbi nh\u1eefng t\u00e1n c\u00e2y xanh v\u00e0 th\u00ec th\u1ea7m tr\u00f2 chuy\u1ec7n c\u00f9ng ch\u00fang m\u1ed7i khi \u00e1p l\u1ef1c cu\u1ed9c s\u1ed1ng, m\u1ec7t m\u1ecfi b\u1ee7a v\u00e2y?<\/p>\n<p>Thi\u00ean nhi\u00ean l\u00e0 nh\u01b0 v\u1eady, lu\u00f4n l\u00e0 ngu\u1ed3n c\u1ea3m h\u1ee9ng b\u1ea5t t\u1eadn cho m\u1ecdi v\u1ebb \u0111\u1eb9p len l\u1ecfi trong cu\u1ed9c s\u1ed1ng c\u1ee7a m\u1ed7i ch\u00fang ta. V\u00ec l\u1ebd \u0111\u00f3, n\u00f3 c\u00f2n ch\u1ee9a r\u1ea5t nhi\u1ec1u \u0111i\u1ec1u k\u1ef3 di\u1ec7u m\u00e0 kh\u00f4ng ph\u1ea3i ai c\u0169ng c\u00f3 c\u01a1 h\u1ed9i \u0111\u01b0\u1ee3c l\u1eafng nghe v\u00e0 c\u1ea3m nh\u1eadn. V\u00ec v\u1eady, GBM \u0111\u01b0\u1ee3c ra \u0111\u1eddi kh\u00f4ng ch\u1ec9 \u0111\u1ec3 mang l\u1ea1i m\u1ed9t v\u1ebb \u0111\u1eb9p t\u1ef1 nhi\u00ean, m\u1ed9t c\u01a1 th\u1ec3 kh\u1ecfe m\u1ea1nh m\u00e0 c\u00f2n \u0111\u1ec3 nu\u00f4i d\u01b0\u1ee1ng cho t\u00e2m h\u1ed3n ta th\u00eam \u0111\u1eb9p \u0111\u1ebd, \u0111i\u1ec3m t\u00f4 nhi\u1ec1u m\u00e0u s\u1eafc h\u01a1n cho cu\u1ed9c s\u1ed1ng.<\/p>\n<p>GBM k\u1ebft tinh nh\u1eefng g\u00ec t\u1ef1 nhi\u00ean nh\u1ea5t m\u00e0 thi\u00ean nhi\u00ean ban t\u1eb7ng, \u0111\u1ec3 mang t\u1edbi nh\u1eefng s\u1ea3n ph\u1ea9m ch\u1ea5t l\u01b0\u1ee3ng nh\u1ea5t t\u1edbi ng\u01b0\u1eddi ti\u00eau d\u00f9ng. Nh\u1eefng nguy\u00ean li\u1ec7u t\u1ef1 nhi\u00ean tinh t\u00fay \u0111\u00f3 t\u01b0\u1ee3ng tr\u01b0ng cho ch\u00ednh t\u00ecnh y\u00eau th\u01b0\u01a1ng m\u00e0 GBM g\u1eedi g\u1eafm t\u1edbi kh\u00e1ch h\u00e0ng \u0111\u1ec3 ph\u1ea7n n\u00e0o l\u1ea5p \u0111\u1ea7y c\u1ea3m x\u00fac c\u1ee7a tr\u00e1i tim, mang t\u1edbi cho h\u1ecd m\u1ed9t ng\u00e0y m\u1edbi tr\u00e0n \u0111\u1ea7y n\u0103ng l\u01b0\u1ee3ng v\u00e0 ni\u1ec1m vui.<\/p>\n<p>GBM l\u00e0 v\u1eady \u2013 mang \u0111\u1ebfn cho b\u1ea1n c\u1ea3m gi\u00e1c G\u1ea7n G\u0169i, Nh\u1eb9 Nh\u00e0ng m\u00e0 Kh\u00f3 Qu\u00ean!\u2026<\/p>\n<p>\u2014\u2014\u2014<\/p>\n<p><strong>GBM \u00a0Cam k\u1ebft: <\/strong><\/p>\n<ul>\n<li><em>Nguy\u00ean li\u1ec7u:<\/em><\/li>\n<\/ul>\n<p>Ch\u00fang t\u00f4i l\u1ef1a ch\u1ecdn th\u00e0nh ph\u1ea7n t\u1eeb thi\u00ean nhi\u00ean, v\u1edbi ngu\u1ed3n nguy\u00ean li\u1ec7u ch\u1ee7 y\u1ebfu \u0111\u01b0\u1ee3c chi\u1ebft xu\u1ea5t t\u1eeb th\u1ea3o m\u1ed9c v\u00e0 tinh d\u1ea7u t\u1ef1 nhi\u00ean:<\/p>\n<p>\u2013\u00a0<strong>Th\u1ea3o m\u1ed9c<\/strong>: L\u00f4 H\u1ed9i, Cam Th\u1ea3o, M\u1eadt Ong, C\u00fac La M\u00e3, Tr\u1ea7u Kh\u00f4ng, R\u1ec5 \u0110\u1ecba Ho\u00e0ng, R\u1ec5 Xuy\u00ean Khung, Qu\u1ea3 S\u01a1n Th\u00f9 Du, Nh\u00e2n S\u00e2m, Tr\u00e0 Xanh, Tr\u00e0m Tr\u00e0, B\u1ed3 K\u1ebft, B\u1ed3 H\u00f2n, S\u1ea3 Chanh, H\u01b0\u01a1ng Nhu, H\u00e0 Th\u1ee7 \u00d4, \u0110\u01b0\u01a1ng Quy,\u2026<\/p>\n<p>\u2013\u00a0<strong>Tinh d\u1ea7u t\u1ef1 nhi\u00ean<\/strong>: Tinh d\u1ea7u tr\u00e0m gi\u00f3, Tinh d\u1ea7u s\u1ea3 chanh, Tinh d\u1ea7u h\u01b0\u01a1ng th\u1ea3o, D\u1ea7u olive, D\u1ea7u jojoba, D\u1ea7u g\u1ea5c, D\u1ea7u d\u1eeba, D\u1ea7u qu\u1ea3 b\u01a1, D\u1ea7u h\u1ea1nh nh\u00e2n,\u2026<\/p>\n<ul>\n<li><em>Th\u00e0nh ph\u1ea7n:\u00a0<\/em><\/li>\n<\/ul>\n<p>Nh\u1eb1m \u0111em \u0111\u1ebfn cho kh\u00e1ch h\u00e0ng s\u1ea3n ph\u1ea9m an to\u00e0n tuy\u1ec7t \u0111\u1ed1i, kh\u00f4ng g\u00e2y k\u00edch \u1ee9ng cho da, d\u00f9ng \u0111\u01b0\u1ee3c cho c\u1ea3 l\u00e0n da nh\u1ea1y c\u1ea3m nh\u1ea5t, GBM n\u00f3i \u201cKH\u00d4NG\u201d v\u1edbi h\u00f3a ch\u1ea5t \u0111\u1ed9c h\u1ea1i, ch\u1ea5t t\u1ea9y r\u1eeda, b\u1ea3o qu\u1ea3n, ph\u1ea9m m\u00e0u, Paraben, Corticoid v\u00e0 n\u00f3i \u201cKH\u00d4NG\u201d v\u1edbi th\u1eed nghi\u1ec7m tr\u00ean \u0111\u1ed9ng v\u1eadt.<\/p>\n<ul>\n<li><em>\u0110\u1ed1i t\u00e1c nghi\u00ean c\u1ee9u, ph\u00e1t tri\u1ec3n v\u00e0 s\u1ea3n xu\u1ea5t s\u1ea3n ph\u1ea9m:\u00a0<\/em><\/li>\n<\/ul>\n<p>Ch\u00fang t\u00f4i l\u1ef1a ch\u1ecdn \u0111\u1ed1i t\u00e1c uy t\u00edn, gi\u00e0u kinh nghi\u1ec7m li\u00ean quan \u0111\u1ebfn l\u0129nh v\u1ef1c nghi\u00ean c\u1ee9u, ph\u00e1t tri\u1ec3n v\u00e0 s\u1ea3n xu\u1ea5t m\u1ef9 ph\u1ea9m thi\u00ean nhi\u00ean, b\u00ean c\u1ea1nh \u0111\u00f3 c\u0169ng v\u00f4 c\u00f9ng th\u1ea5u hi\u1ec3u l\u00e0n da c\u1ee7a ng\u01b0\u1eddi Vi\u1ec7t \u0111\u1ec3 \u0111em \u0111\u1ebfn s\u1ea3n ph\u1ea9m t\u1ed1i \u01b0u nh\u1ea5t cho kh\u00e1ch h\u00e0ng: \u0111\u1ea3m b\u1ea3o qu\u00e1 tr\u00ecnh t\u1eeb nghi\u00ean c\u1ee9u, l\u1ef1a ch\u1ecdn th\u00e0nh ph\u1ea7n, \u0111\u1ebfn quy tr\u00ecnh s\u1ea3n xu\u1ea5t v\u00e0 ki\u1ec3m nghi\u1ec7m l\u00e2m s\u00e0ng s\u1ea3n ph\u1ea9m \u0111\u1ec1u \u0111\u01b0\u1ee3c theo d\u00f5i g\u1eaft gao v\u1edbi ti\u00eau chu\u1ea9n ch\u1ea5t l\u01b0\u1ee3ng t\u1ed1t nh\u1ea5t.<\/p>\n<ul>\n<li>V\u1edbi ti\u00eau ch\u00ed lu\u00f4n \u0111\u1eb7t l\u1ee3i \u00edch c\u1ee7a kh\u00e1ch h\u00e0ng l\u00ean h\u00e0ng \u0111\u1ea7u, ch\u00fang t\u00f4i s\u1ebd lu\u00f4n l\u1eafng nghe nh\u1eefng \u00fd ki\u1ebfn v\u00e0 nguy\u1ec7n v\u1ecdng c\u1ee7a kh\u00e1ch h\u00e0ng \u0111\u1ec3 ng\u00e0y c\u00e0ng ho\u00e0n thi\u1ec7n v\u00e0 ph\u00e1t tri\u1ec3n h\u01a1n.<\/li>\n<li>\u0110\u1ec3 kh\u00e1ch h\u00e0ng tin t\u01b0\u1edfng s\u1ea3n ph\u1ea9m c\u1ee7a GBM h\u01a1n n\u1eefa, ch\u00fang t\u00f4i s\u1ebd c\u00f3 ch\u00ednh s\u00e1ch b\u1ea3o h\u00e0nh cho ch\u1ea5t l\u01b0\u1ee3ng c\u1ee7a s\u1ea3n ph\u1ea9m sau nh\u1eadn h\u00e0ng v\u00e0 b\u1ea3o h\u00e0nh hi\u1ec7u qu\u1ea3 c\u1ee7a s\u1ea3n ph\u1ea9m sau qu\u00e1 tr\u00ecnh s\u1eed d\u1ee5ng c\u1ee7a kh\u00e1ch h\u00e0ng.<\/li>\n<li>V\u00e0 \u0111i\u1ec3m \u0111\u1eb7c bi\u1ec7t nh\u1ea5t c\u1ee7a GBM \u0111\u00f3 ch\u00ednh l\u00e0 ch\u00fang t\u00f4i c\u00f2n cung c\u1ea5p d\u1ecbch v\u1ee5 t\u01b0 v\u1ea5n ch\u0103m s\u00f3c da mi\u1ec5n ph\u00ed cho kh\u00e1ch h\u00e0ng, \u0111\u1ec3 kh\u00e1ch h\u00e0ng \u0111\u1ea3m b\u1ea3o l\u1ef1a ch\u1ecdn \u0111\u01b0\u1ee3c s\u1ea3n ph\u1ea9m ph\u00f9 h\u1ee3p nh\u1ea5t \u0111\u1ed1i v\u1edbi l\u00e0n da v\u00e0 nhu c\u1ea7u c\u1ee7a m\u00ecnh.<\/li>\n<\/ul>\n[\/vc_column_text][vc_single_image image=&#8221;695&#8243; img_size=&#8221;full&#8221; alignment=&#8221;center&#8221;][\/vc_column][\/vc_row]\n","protected":false},"excerpt":{"rendered":"<p>[vc_row el_class=&#8221;about-introduce&#8221;][vc_column][vc_single_image image=&#8221;694&#8243; img_size=&#8221;full&#8221; alignment=&#8221;center&#8221;][vc_column_text]GBM \u2013 C\u00c2U CHUY\u1ec6N V\u1ec0 \u201c\u01af\u1edaC M\u01a0 XANH\u201d C\u00f3 bao gi\u1edd b\u1ea1n \u0111\u1eb7t ch\u00e2n xu\u1ed1ng n\u1ec1n c\u1ecf xanh m\u01b0\u1ee3t, c\u1ea3m th\u1ea5y th\u1eddi gian b\u1ed7ng ch\u1eadm l\u1ea1i v\u00e0 cu\u1ed9c \u0111\u1eddi n\u00e0y th\u1eadt \u0111\u00e1ng s\u1ed1ng bi\u1ebft bao? C\u00f3 bao gi\u1edd b\u1ea1n \u1ea5p \u1ee7 trong l\u00f2ng n\u1ed7i ni\u1ec1m \u0111\u01b0\u1ee3c<\/p>\n","protected":false},"author":1,"featured_media":0,"parent":0,"menu_order":0,"comment_status":"closed","ping_status":"closed","template":"page-templates\/about-page.php","meta":{"footnotes":""},"class_list":["post-1090","page","type-page","status-publish","hentry"],"yoast_head":"<!-- This site is optimized with the Yoast SEO plugin v23.0 - https:\/\/yoast.com\/wordpress\/plugins\/seo\/ -->\n<title>About Us - gbm.com.vn<\/title>\n<meta name=\"robots\" content=\"index, follow, max-snippet:-1, max-image-preview:large, max-video-preview:-1\" \/>\n<link rel=\"canonical\" href=\"https:\/\/gbm.com.vn\/?page_id=1090\" \/>\n<meta property=\"og:locale\" content=\"vi_VN\" \/>\n<meta property=\"og:type\" content=\"article\" \/>\n<meta property=\"og:title\" content=\"About Us - gbm.com.vn\" \/>\n<meta property=\"og:description\" content=\"[vc_row el_class=&#8221;about-introduce&#8221;][vc_column][vc_single_image image=&#8221;694&#8243; img_size=&#8221;full&#8221; alignment=&#8221;center&#8221;][vc_column_text]GBM \u2013 C\u00c2U CHUY\u1ec6N V\u1ec0 \u201c\u01af\u1edaC M\u01a0 XANH\u201d C\u00f3 bao gi\u1edd b\u1ea1n \u0111\u1eb7t ch\u00e2n xu\u1ed1ng n\u1ec1n c\u1ecf xanh m\u01b0\u1ee3t, c\u1ea3m th\u1ea5y th\u1eddi gian b\u1ed7ng ch\u1eadm l\u1ea1i v\u00e0 cu\u1ed9c \u0111\u1eddi n\u00e0y th\u1eadt \u0111\u00e1ng s\u1ed1ng bi\u1ebft bao? C\u00f3 bao gi\u1edd b\u1ea1n \u1ea5p \u1ee7 trong l\u00f2ng n\u1ed7i ni\u1ec1m \u0111\u01b0\u1ee3c\" \/>\n<meta property=\"og:url\" content=\"https:\/\/gbm.com.vn\/?page_id=1090\" \/>\n<meta property=\"og:site_name\" content=\"gbm.com.vn\" \/>\n<meta property=\"article:modified_time\" content=\"2021-12-19T09:39:35+00:00\" \/>\n<meta name=\"twitter:card\" content=\"summary_large_image\" \/>\n<meta name=\"twitter:label1\" content=\"\u01af\u1edbc t\u00ednh th\u1eddi gian \u0111\u1ecdc\" \/>\n\t<meta name=\"twitter:data1\" content=\"4 ph\u00fat\" \/>\n<script type=\"application\/ld+json\" class=\"yoast-schema-graph\">{\"@context\":\"https:\/\/schema.org\",\"@graph\":[{\"@type\":\"WebPage\",\"@id\":\"https:\/\/gbm.com.vn\/?page_id=1090\",\"url\":\"https:\/\/gbm.com.vn\/?page_id=1090\",\"name\":\"About Us - gbm.com.vn\",\"isPartOf\":{\"@id\":\"https:\/\/gbm.com.vn\/#website\"},\"datePublished\":\"2018-08-24T01:24:09+00:00\",\"dateModified\":\"2021-12-19T09:39:35+00:00\",\"breadcrumb\":{\"@id\":\"https:\/\/gbm.com.vn\/?page_id=1090#breadcrumb\"},\"inLanguage\":\"vi\",\"potentialAction\":[{\"@type\":\"ReadAction\",\"target\":[\"https:\/\/gbm.com.vn\/?page_id=1090\"]}]},{\"@type\":\"BreadcrumbList\",\"@id\":\"https:\/\/gbm.com.vn\/?page_id=1090#breadcrumb\",\"itemListElement\":[{\"@type\":\"ListItem\",\"position\":1,\"name\":\"Trang ch\u1ee7\",\"item\":\"https:\/\/gbm.com.vn\/\"},{\"@type\":\"ListItem\",\"position\":2,\"name\":\"About Us\"}]},{\"@type\":\"WebSite\",\"@id\":\"https:\/\/gbm.com.vn\/#website\",\"url\":\"https:\/\/gbm.com.vn\/\",\"name\":\"gbm.com.vn\",\"description\":\"GBM Official Website\",\"publisher\":{\"@id\":\"https:\/\/gbm.com.vn\/#\/schema\/person\/30083509a9d7bd3453b90d3952e16bb1\"},\"potentialAction\":[{\"@type\":\"SearchAction\",\"target\":{\"@type\":\"EntryPoint\",\"urlTemplate\":\"https:\/\/gbm.com.vn\/?s={search_term_string}\"},\"query-input\":\"required name=search_term_string\"}],\"inLanguage\":\"vi\"},{\"@type\":[\"Person\",\"Organization\"],\"@id\":\"https:\/\/gbm.com.vn\/#\/schema\/person\/30083509a9d7bd3453b90d3952e16bb1\",\"name\":\"adgbmpro\",\"image\":{\"@type\":\"ImageObject\",\"inLanguage\":\"vi\",\"@id\":\"https:\/\/gbm.com.vn\/#\/schema\/person\/image\/\",\"url\":\"https:\/\/gbm.com.vn\/wp-content\/uploads\/2021\/11\/logo-GBM.png\",\"contentUrl\":\"https:\/\/gbm.com.vn\/wp-content\/uploads\/2021\/11\/logo-GBM.png\",\"width\":111,\"height\":111,\"caption\":\"adgbmpro\"},\"logo\":{\"@id\":\"https:\/\/gbm.com.vn\/#\/schema\/person\/image\/\"},\"sameAs\":[\"https:\/\/gbm.com.vn\"]}]}<\/script>\n<!-- \/ Yoast SEO plugin. -->","yoast_head_json":{"title":"About Us - gbm.com.vn","robots":{"index":"index","follow":"follow","max-snippet":"max-snippet:-1","max-image-preview":"max-image-preview:large","max-video-preview":"max-video-preview:-1"},"canonical":"https:\/\/gbm.com.vn\/?page_id=1090","og_locale":"vi_VN","og_type":"article","og_title":"About Us - gbm.com.vn","og_description":"[vc_row el_class=&#8221;about-introduce&#8221;][vc_column][vc_single_image image=&#8221;694&#8243; img_size=&#8221;full&#8221; alignment=&#8221;center&#8221;][vc_column_text]GBM \u2013 C\u00c2U CHUY\u1ec6N V\u1ec0 \u201c\u01af\u1edaC M\u01a0 XANH\u201d C\u00f3 bao gi\u1edd b\u1ea1n \u0111\u1eb7t ch\u00e2n xu\u1ed1ng n\u1ec1n c\u1ecf xanh m\u01b0\u1ee3t, c\u1ea3m th\u1ea5y th\u1eddi gian b\u1ed7ng ch\u1eadm l\u1ea1i v\u00e0 cu\u1ed9c \u0111\u1eddi n\u00e0y th\u1eadt \u0111\u00e1ng s\u1ed1ng bi\u1ebft bao? C\u00f3 bao gi\u1edd b\u1ea1n \u1ea5p \u1ee7 trong l\u00f2ng n\u1ed7i ni\u1ec1m \u0111\u01b0\u1ee3c","og_url":"https:\/\/gbm.com.vn\/?page_id=1090","og_site_name":"gbm.com.vn","article_modified_time":"2021-12-19T09:39:35+00:00","twitter_card":"summary_large_image","twitter_misc":{"\u01af\u1edbc t\u00ednh th\u1eddi gian \u0111\u1ecdc":"4 ph\u00fat"},"schema":{"@context":"https:\/\/schema.org","@graph":[{"@type":"WebPage","@id":"https:\/\/gbm.com.vn\/?page_id=1090","url":"https:\/\/gbm.com.vn\/?page_id=1090","name":"About Us - gbm.com.vn","isPartOf":{"@id":"https:\/\/gbm.com.vn\/#website"},"datePublished":"2018-08-24T01:24:09+00:00","dateModified":"2021-12-19T09:39:35+00:00","breadcrumb":{"@id":"https:\/\/gbm.com.vn\/?page_id=1090#breadcrumb"},"inLanguage":"vi","potentialAction":[{"@type":"ReadAction","target":["https:\/\/gbm.com.vn\/?page_id=1090"]}]},{"@type":"BreadcrumbList","@id":"https:\/\/gbm.com.vn\/?page_id=1090#breadcrumb","itemListElement":[{"@type":"ListItem","position":1,"name":"Trang ch\u1ee7","item":"https:\/\/gbm.com.vn\/"},{"@type":"ListItem","position":2,"name":"About Us"}]},{"@type":"WebSite","@id":"https:\/\/gbm.com.vn\/#website","url":"https:\/\/gbm.com.vn\/","name":"gbm.com.vn","description":"GBM Official Website","publisher":{"@id":"https:\/\/gbm.com.vn\/#\/schema\/person\/30083509a9d7bd3453b90d3952e16bb1"},"potentialAction":[{"@type":"SearchAction","target":{"@type":"EntryPoint","urlTemplate":"https:\/\/gbm.com.vn\/?s={search_term_string}"},"query-input":"required name=search_term_string"}],"inLanguage":"vi"},{"@type":["Person","Organization"],"@id":"https:\/\/gbm.com.vn\/#\/schema\/person\/30083509a9d7bd3453b90d3952e16bb1","name":"adgbmpro","image":{"@type":"ImageObject","inLanguage":"vi","@id":"https:\/\/gbm.com.vn\/#\/schema\/person\/image\/","url":"https:\/\/gbm.com.vn\/wp-content\/uploads\/2021\/11\/logo-GBM.png","contentUrl":"https:\/\/gbm.com.vn\/wp-content\/uploads\/2021\/11\/logo-GBM.png","width":111,"height":111,"caption":"adgbmpro"},"logo":{"@id":"https:\/\/gbm.com.vn\/#\/schema\/person\/image\/"},"sameAs":["https:\/\/gbm.com.vn"]}]}},"_links":{"self":[{"href":"https:\/\/gbm.com.vn\/index.php?rest_route=\/wp\/v2\/pages\/1090","targetHints":{"allow":["GET"]}}],"collection":[{"href":"https:\/\/gbm.com.vn\/index.php?rest_route=\/wp\/v2\/pages"}],"about":[{"href":"https:\/\/gbm.com.vn\/index.php?rest_route=\/wp\/v2\/types\/page"}],"author":[{"embeddable":true,"href":"https:\/\/gbm.com.vn\/index.php?rest_route=\/wp\/v2\/users\/1"}],"replies":[{"embeddable":true,"href":"https:\/\/gbm.com.vn\/index.php?rest_route=%2Fwp%2Fv2%2Fcomments&post=1090"}],"version-history":[{"count":2,"href":"https:\/\/gbm.com.vn\/index.php?rest_route=\/wp\/v2\/pages\/1090\/revisions"}],"predecessor-version":[{"id":1336,"href":"https:\/\/gbm.com.vn\/index.php?rest_route=\/wp\/v2\/pages\/1090\/revisions\/1336"}],"wp:attachment":[{"href":"https:\/\/gbm.com.vn\/index.php?rest_route=%2Fwp%2Fv2%2Fmedia&parent=1090"}],"curies":[{"name":"wp","href":"https:\/\/api.w.org\/{rel}","templated":true}]}}