{"id":1388,"date":"2022-04-09T12:19:33","date_gmt":"2022-04-09T05:19:33","guid":{"rendered":"https:\/\/gbm.com.vn\/?post_type=product&#038;p=1388"},"modified":"2022-04-09T13:03:32","modified_gmt":"2022-04-09T06:03:32","slug":"son-vcolor","status":"publish","type":"product","link":"https:\/\/gbm.com.vn\/?product=son-vcolor","title":{"rendered":"Son VCOLOR"},"content":{"rendered":"<p>N\u1ebfu nh\u01b0 \u0111\u00f4i m\u1eaft l\u00e0 c\u1eeda s\u1ed5 t\u00e2m h\u1ed3n th\u00ec \u0111\u00f4i m\u00f4i l\u00e0 ch\u00eca kh\u00f3a tr\u00e1i tim. M\u1ed9t \u0111\u00f4i m\u00f4i \u0111\u1ecf m\u1ecdng, quy\u1ebfn r\u0169 \u0111\u00e3 \u0111\u1ee7 s\u1ef1 cu\u1ed1n h\u00fat m\u00e0 m\u1ed7i ng\u00e0y v\u1eabn xinh. Nh\u01b0ng b\u1ea1n v\u1eabn ch\u01b0a t\u00ecm th\u1ea5y lo\u1ea1i son n\u00e0o \u01b0ng \u00fd m\u1ed7i l\u1ea7n make up, b\u1edfi v\u00ec t\u1ea5t c\u1ea3 nh\u1eefng th\u1ee9 b\u1ea1n \u0111\u00e3 t\u1eebng d\u00f9ng ch\u00fang khi\u1ebfn m\u00f4i b\u1ea1n l\u00fac th\u00ec qu\u00e1 \u0111\u1ecf, l\u1ee5c l\u1ea1i t\u00e1i nh\u1ee3t, \u0111\u00f4i khi kh\u00f4ng th\u1ec3 x\u00e1c \u0111\u1ecbnh r\u00f5 \u0111\u01b0\u1ee3c m\u00e0u v\u00f4 c\u00f9ng kh\u00f3 coi. \u0110i\u1ec1u n\u00e0y l\u00e0m h\u1ed9i ch\u1ecb em \u0111\u00f4i khi m\u1ea5t kh\u00e1 nhi\u1ec1u th\u1eddi gian \u0111\u1ec3 s\u1eeda so\u1ea1n v\u00e0 ch\u1ecdn l\u1ef1a.<\/p>\n<p>\u0110\u1ec3 \u0111\u01a1n gi\u1ea3n h\u00f3a, b\u1ea1n ch\u1ec9 c\u1ea7n l\u1ef1a son VCOLOR lipstick c\u1ee7a GBM v\u1eeba ch\u1ea5t l\u01b0\u1ee3ng l\u1ea1i\u00a0 c\u00f3 nhi\u1ec1u d\u01b0\u1ee1ng ch\u1ea5t \u0111\u00e1ng tin c\u1eady. S\u1ea3n ph\u1ea9m l\u00e0 s\u1ef1 k\u1ebft h\u1ee3p ho\u00e0n h\u1ea3o c\u1ee7a r\u1ea5t nhi\u1ec1u th\u00e0nh ph\u1ea7n t\u1ef1 nhi\u00ean c\u00f3 t\u00e1c d\u1ee5ng b\u1ea3o v\u1ec7 l\u00e0n da m\u00f4i, t\u0103ng c\u01b0\u1eddng s\u1eafc th\u00e1i m\u00e0u cho l\u00e0n m\u00f4i m\u1ed9t c\u00e1ch t\u1ef1 nhi\u00ean.<\/p>\n<p><b>C\u00f4ng d\u1ee5ng<\/b><\/p>\n<p>T\u1ea1o m\u00e0u, d\u01b0\u1ee1ng \u1ea9m, l\u00e0m m\u1ec1m m\u00f4i; Gi\u00fap ng\u0103n ng\u1eeba n\u1ee9t n\u1ebb v\u00e0 th\u00e2m m\u00f4i.<\/p>\n<p><b>Th\u00e0nh ph\u1ea7n<\/b><\/p>\n<p>\u2013 D\u1ea7u Argan, d\u1ea7u H\u1ea1t Nho v\u00e0 Vitamin E gi\u00fap d\u01b0\u1ee1ng \u1ea9m, l\u00e0m m\u1ec1m m\u00f4i; c\u00f3 kh\u1ea3 n\u0103ng ch\u1ed1ng oxy h\u00f3a, g\u00f3p ph\u1ea7n gi\u1ea3m s\u1ef1 l\u00e3o h\u00f3a da v\u00f9ng m\u00f4i.<\/p>\n<p>\u2013 D\u1ea7u b\u01a1, d\u1ea7u H\u1ea1nh Nh\u00e2n l\u00e0 ngu\u1ed3n cung c\u1ea5p d\u1ed3i d\u00e0o c\u00e1c fatty acid v\u00e0 c\u00e1c th\u00e0nh ph\u1ea7n vitamin t\u1ef1 nhi\u00ean gi\u00fap d\u01b0\u1ee1ng \u1ea9m, ph\u1ee5c h\u1ed3i h\u00e0ng r\u00e0o da v\u00e0 ch\u1ed1ng oxy h\u00f3a, g\u00f3p ph\u1ea7n b\u1ea3o v\u1ec7 da m\u00f4i, tr\u00e1nh hi\u1ec7n t\u01b0\u1ee3ng m\u00f4i kh\u00f4, n\u1ee9t n\u1ebb.<\/p>\n<p><b>C\u00e1ch s\u1eed d\u1ee5ng<\/b><\/p>\n<p>Thoa m\u1ed9t l\u1edbp m\u1ecfng l\u00ean m\u00f4i.Ch\u1eb3ng c\u1ea7n\u00a0<b>make up<\/b>\u00a0c\u1ea7u k\u1ef3, h\u1ed9i con g\u00e1i ch\u00fang m\u00ecnh ch\u1ec9 c\u1ea7n \u0111\u00e1nh th\u00eam ch\u00fat son m\u00f4i l\u00e0 \u0111\u00e3 xinh x\u1eafn v\u00e0 n\u1ed5i b\u1eadt h\u01a1n r\u1ea5t nhi\u1ec1u r\u1ed3i. Hi\u1ec7n nay, c\u00e1c b\u1ea1n g\u00e1i c\u00f3 xu h\u01b0\u1edbng ch\u1ecdn nh\u1eefng lo\u1ea1i\u00a0<b>m\u1ef9 ph\u1ea9m s\u1ea1ch<\/b>, \u0111\u1eb7c bi\u1ec7t l\u00e0 son m\u00f4i c\u00f3 th\u00e0nh ph\u1ea7n t\u1ef1 nhi\u00ean v\u1eeba an to\u00e0n v\u1eeba d\u01b0\u1ee1ng cho l\u00e0n m\u00f4i \u0111\u01b0\u1ee3c t\u1ef1 nhi\u00ean v\u00e0 m\u1ec1m m\u1ea1i. V\u00e0 son Bio lipstick l\u00e0 m\u1ed9t s\u1ef1 l\u1ef1a ch\u1ecdn \u0111\u00e1ng c\u00e2n nh\u1eafc.<\/p>\n","protected":false},"excerpt":{"rendered":"<p><b>C\u00f4ng d\u1ee5ng<\/b><\/p>\n<p>T\u1ea1o m\u00e0u, d\u01b0\u1ee1ng \u1ea9m, l\u00e0m m\u1ec1m m\u00f4i; Gi\u00fap ng\u0103n ng\u1eeba n\u1ee9t n\u1ebb v\u00e0 th\u00e2m m\u00f4i.<\/p>\n<p><b>Th\u00e0nh ph\u1ea7n<\/b><\/p>\n<p>\u2013 D\u1ea7u Argan, d\u1ea7u H\u1ea1t Nho v\u00e0 Vitamin E gi\u00fap d\u01b0\u1ee1ng \u1ea9m, l\u00e0m m\u1ec1m m\u00f4i; c\u00f3 kh\u1ea3 n\u0103ng ch\u1ed1ng oxy h\u00f3a, g\u00f3p ph\u1ea7n gi\u1ea3m s\u1ef1 l\u00e3o h\u00f3a da v\u00f9ng m\u00f4i.<\/p>\n<p>\u2013 D\u1ea7u b\u01a1, d\u1ea7u H\u1ea1nh Nh\u00e2n l\u00e0 ngu\u1ed3n cung c\u1ea5p d\u1ed3i d\u00e0o c\u00e1c fatty acid v\u00e0 c\u00e1c th\u00e0nh ph\u1ea7n vitamin t\u1ef1 nhi\u00ean gi\u00fap d\u01b0\u1ee1ng \u1ea9m, ph\u1ee5c h\u1ed3i h\u00e0ng r\u00e0o da v\u00e0 ch\u1ed1ng oxy h\u00f3a, g\u00f3p ph\u1ea7n b\u1ea3o v\u1ec7 da m\u00f4i, tr\u00e1nh hi\u1ec7n t\u01b0\u1ee3ng m\u00f4i kh\u00f4, n\u1ee9t n\u1ebb.<\/p>\n<p>&nbsp;<\/p>\n","protected":false},"featured_media":1390,"template":"","meta":[],"product_cat":[80],"product_tag":[],"class_list":{"0":"post-1388","1":"product","2":"type-product","3":"status-publish","4":"has-post-thumbnail","6":"product_cat-son","8":"first","9":"instock","10":"shipping-taxable","11":"purchasable","12":"product-type-variable"},"yoast_head":"<!-- This site is optimized with the Yoast SEO plugin v23.0 - https:\/\/yoast.com\/wordpress\/plugins\/seo\/ -->\n<title>Son VCOLOR - gbm.com.vn<\/title>\n<meta name=\"robots\" content=\"index, follow, max-snippet:-1, max-image-preview:large, max-video-preview:-1\" \/>\n<link rel=\"canonical\" href=\"https:\/\/gbm.com.vn\/?product=son-vcolor\" \/>\n<meta property=\"og:locale\" content=\"vi_VN\" \/>\n<meta property=\"og:type\" content=\"article\" \/>\n<meta property=\"og:title\" content=\"Son VCOLOR - gbm.com.vn\" \/>\n<meta property=\"og:description\" content=\"C\u00f4ng d\u1ee5ng  T\u1ea1o m\u00e0u, d\u01b0\u1ee1ng \u1ea9m, l\u00e0m m\u1ec1m m\u00f4i; Gi\u00fap ng\u0103n ng\u1eeba n\u1ee9t n\u1ebb v\u00e0 th\u00e2m m\u00f4i.  Th\u00e0nh ph\u1ea7n  \u2013 D\u1ea7u Argan, d\u1ea7u H\u1ea1t Nho v\u00e0 Vitamin E gi\u00fap d\u01b0\u1ee1ng \u1ea9m, l\u00e0m m\u1ec1m m\u00f4i; c\u00f3 kh\u1ea3 n\u0103ng ch\u1ed1ng oxy h\u00f3a, g\u00f3p ph\u1ea7n gi\u1ea3m s\u1ef1 l\u00e3o h\u00f3a da v\u00f9ng m\u00f4i.  \u2013 D\u1ea7u b\u01a1, d\u1ea7u H\u1ea1nh Nh\u00e2n l\u00e0 ngu\u1ed3n cung c\u1ea5p d\u1ed3i d\u00e0o c\u00e1c fatty acid v\u00e0 c\u00e1c th\u00e0nh ph\u1ea7n vitamin t\u1ef1 nhi\u00ean gi\u00fap d\u01b0\u1ee1ng \u1ea9m, ph\u1ee5c h\u1ed3i h\u00e0ng r\u00e0o da v\u00e0 ch\u1ed1ng oxy h\u00f3a, g\u00f3p ph\u1ea7n b\u1ea3o v\u1ec7 da m\u00f4i, tr\u00e1nh hi\u1ec7n t\u01b0\u1ee3ng m\u00f4i kh\u00f4, n\u1ee9t n\u1ebb.  &nbsp;\" \/>\n<meta property=\"og:url\" content=\"https:\/\/gbm.com.vn\/?product=son-vcolor\" \/>\n<meta property=\"og:site_name\" content=\"gbm.com.vn\" \/>\n<meta property=\"article:modified_time\" content=\"2022-04-09T06:03:32+00:00\" \/>\n<meta property=\"og:image\" content=\"https:\/\/gbm.com.vn\/wp-content\/uploads\/2022\/04\/DSC02439-1-scaled.jpg\" \/>\n\t<meta property=\"og:image:width\" content=\"2560\" \/>\n\t<meta property=\"og:image:height\" content=\"1440\" \/>\n\t<meta property=\"og:image:type\" content=\"image\/jpeg\" \/>\n<meta name=\"twitter:card\" content=\"summary_large_image\" \/>\n<meta name=\"twitter:label1\" content=\"\u01af\u1edbc t\u00ednh th\u1eddi gian \u0111\u1ecdc\" \/>\n\t<meta name=\"twitter:data1\" content=\"2 ph\u00fat\" \/>\n<script type=\"application\/ld+json\" class=\"yoast-schema-graph\">{\"@context\":\"https:\/\/schema.org\",\"@graph\":[{\"@type\":\"WebPage\",\"@id\":\"https:\/\/gbm.com.vn\/?product=son-vcolor\",\"url\":\"https:\/\/gbm.com.vn\/?product=son-vcolor\",\"name\":\"Son VCOLOR - gbm.com.vn\",\"isPartOf\":{\"@id\":\"https:\/\/gbm.com.vn\/#website\"},\"primaryImageOfPage\":{\"@id\":\"https:\/\/gbm.com.vn\/?product=son-vcolor#primaryimage\"},\"image\":{\"@id\":\"https:\/\/gbm.com.vn\/?product=son-vcolor#primaryimage\"},\"thumbnailUrl\":\"https:\/\/gbm.com.vn\/wp-content\/uploads\/2022\/04\/DSC02439-1-scaled.jpg\",\"datePublished\":\"2022-04-09T05:19:33+00:00\",\"dateModified\":\"2022-04-09T06:03:32+00:00\",\"breadcrumb\":{\"@id\":\"https:\/\/gbm.com.vn\/?product=son-vcolor#breadcrumb\"},\"inLanguage\":\"vi\",\"potentialAction\":[{\"@type\":\"ReadAction\",\"target\":[\"https:\/\/gbm.com.vn\/?product=son-vcolor\"]}]},{\"@type\":\"ImageObject\",\"inLanguage\":\"vi\",\"@id\":\"https:\/\/gbm.com.vn\/?product=son-vcolor#primaryimage\",\"url\":\"https:\/\/gbm.com.vn\/wp-content\/uploads\/2022\/04\/DSC02439-1-scaled.jpg\",\"contentUrl\":\"https:\/\/gbm.com.vn\/wp-content\/uploads\/2022\/04\/DSC02439-1-scaled.jpg\",\"width\":2560,\"height\":1440,\"caption\":\"son-vcolor\"},{\"@type\":\"BreadcrumbList\",\"@id\":\"https:\/\/gbm.com.vn\/?product=son-vcolor#breadcrumb\",\"itemListElement\":[{\"@type\":\"ListItem\",\"position\":1,\"name\":\"Trang ch\u1ee7\",\"item\":\"https:\/\/gbm.com.vn\/\"},{\"@type\":\"ListItem\",\"position\":2,\"name\":\"Shop\",\"item\":\"https:\/\/gbm.com.vn\/?page_id=8\"},{\"@type\":\"ListItem\",\"position\":3,\"name\":\"Son VCOLOR\"}]},{\"@type\":\"WebSite\",\"@id\":\"https:\/\/gbm.com.vn\/#website\",\"url\":\"https:\/\/gbm.com.vn\/\",\"name\":\"gbm.com.vn\",\"description\":\"GBM Official Website\",\"publisher\":{\"@id\":\"https:\/\/gbm.com.vn\/#\/schema\/person\/30083509a9d7bd3453b90d3952e16bb1\"},\"potentialAction\":[{\"@type\":\"SearchAction\",\"target\":{\"@type\":\"EntryPoint\",\"urlTemplate\":\"https:\/\/gbm.com.vn\/?s={search_term_string}\"},\"query-input\":\"required name=search_term_string\"}],\"inLanguage\":\"vi\"},{\"@type\":[\"Person\",\"Organization\"],\"@id\":\"https:\/\/gbm.com.vn\/#\/schema\/person\/30083509a9d7bd3453b90d3952e16bb1\",\"name\":\"adgbmpro\",\"image\":{\"@type\":\"ImageObject\",\"inLanguage\":\"vi\",\"@id\":\"https:\/\/gbm.com.vn\/#\/schema\/person\/image\/\",\"url\":\"https:\/\/gbm.com.vn\/wp-content\/uploads\/2021\/11\/logo-GBM.png\",\"contentUrl\":\"https:\/\/gbm.com.vn\/wp-content\/uploads\/2021\/11\/logo-GBM.png\",\"width\":111,\"height\":111,\"caption\":\"adgbmpro\"},\"logo\":{\"@id\":\"https:\/\/gbm.com.vn\/#\/schema\/person\/image\/\"},\"sameAs\":[\"https:\/\/gbm.com.vn\"]}]}<\/script>\n<!-- \/ Yoast SEO plugin. -->","yoast_head_json":{"title":"Son VCOLOR - gbm.com.vn","robots":{"index":"index","follow":"follow","max-snippet":"max-snippet:-1","max-image-preview":"max-image-preview:large","max-video-preview":"max-video-preview:-1"},"canonical":"https:\/\/gbm.com.vn\/?product=son-vcolor","og_locale":"vi_VN","og_type":"article","og_title":"Son VCOLOR - gbm.com.vn","og_description":"C\u00f4ng d\u1ee5ng  T\u1ea1o m\u00e0u, d\u01b0\u1ee1ng \u1ea9m, l\u00e0m m\u1ec1m m\u00f4i; Gi\u00fap ng\u0103n ng\u1eeba n\u1ee9t n\u1ebb v\u00e0 th\u00e2m m\u00f4i.  Th\u00e0nh ph\u1ea7n  \u2013 D\u1ea7u Argan, d\u1ea7u H\u1ea1t Nho v\u00e0 Vitamin E gi\u00fap d\u01b0\u1ee1ng \u1ea9m, l\u00e0m m\u1ec1m m\u00f4i; c\u00f3 kh\u1ea3 n\u0103ng ch\u1ed1ng oxy h\u00f3a, g\u00f3p ph\u1ea7n gi\u1ea3m s\u1ef1 l\u00e3o h\u00f3a da v\u00f9ng m\u00f4i.  \u2013 D\u1ea7u b\u01a1, d\u1ea7u H\u1ea1nh Nh\u00e2n l\u00e0 ngu\u1ed3n cung c\u1ea5p d\u1ed3i d\u00e0o c\u00e1c fatty acid v\u00e0 c\u00e1c th\u00e0nh ph\u1ea7n vitamin t\u1ef1 nhi\u00ean gi\u00fap d\u01b0\u1ee1ng \u1ea9m, ph\u1ee5c h\u1ed3i h\u00e0ng r\u00e0o da v\u00e0 ch\u1ed1ng oxy h\u00f3a, g\u00f3p ph\u1ea7n b\u1ea3o v\u1ec7 da m\u00f4i, tr\u00e1nh hi\u1ec7n t\u01b0\u1ee3ng m\u00f4i kh\u00f4, n\u1ee9t n\u1ebb.  &nbsp;","og_url":"https:\/\/gbm.com.vn\/?product=son-vcolor","og_site_name":"gbm.com.vn","article_modified_time":"2022-04-09T06:03:32+00:00","og_image":[{"width":2560,"height":1440,"url":"https:\/\/gbm.com.vn\/wp-content\/uploads\/2022\/04\/DSC02439-1-scaled.jpg","type":"image\/jpeg"}],"twitter_card":"summary_large_image","twitter_misc":{"\u01af\u1edbc t\u00ednh th\u1eddi gian \u0111\u1ecdc":"2 ph\u00fat"},"schema":{"@context":"https:\/\/schema.org","@graph":[{"@type":"WebPage","@id":"https:\/\/gbm.com.vn\/?product=son-vcolor","url":"https:\/\/gbm.com.vn\/?product=son-vcolor","name":"Son VCOLOR - gbm.com.vn","isPartOf":{"@id":"https:\/\/gbm.com.vn\/#website"},"primaryImageOfPage":{"@id":"https:\/\/gbm.com.vn\/?product=son-vcolor#primaryimage"},"image":{"@id":"https:\/\/gbm.com.vn\/?product=son-vcolor#primaryimage"},"thumbnailUrl":"https:\/\/gbm.com.vn\/wp-content\/uploads\/2022\/04\/DSC02439-1-scaled.jpg","datePublished":"2022-04-09T05:19:33+00:00","dateModified":"2022-04-09T06:03:32+00:00","breadcrumb":{"@id":"https:\/\/gbm.com.vn\/?product=son-vcolor#breadcrumb"},"inLanguage":"vi","potentialAction":[{"@type":"ReadAction","target":["https:\/\/gbm.com.vn\/?product=son-vcolor"]}]},{"@type":"ImageObject","inLanguage":"vi","@id":"https:\/\/gbm.com.vn\/?product=son-vcolor#primaryimage","url":"https:\/\/gbm.com.vn\/wp-content\/uploads\/2022\/04\/DSC02439-1-scaled.jpg","contentUrl":"https:\/\/gbm.com.vn\/wp-content\/uploads\/2022\/04\/DSC02439-1-scaled.jpg","width":2560,"height":1440,"caption":"son-vcolor"},{"@type":"BreadcrumbList","@id":"https:\/\/gbm.com.vn\/?product=son-vcolor#breadcrumb","itemListElement":[{"@type":"ListItem","position":1,"name":"Trang ch\u1ee7","item":"https:\/\/gbm.com.vn\/"},{"@type":"ListItem","position":2,"name":"Shop","item":"https:\/\/gbm.com.vn\/?page_id=8"},{"@type":"ListItem","position":3,"name":"Son VCOLOR"}]},{"@type":"WebSite","@id":"https:\/\/gbm.com.vn\/#website","url":"https:\/\/gbm.com.vn\/","name":"gbm.com.vn","description":"GBM Official Website","publisher":{"@id":"https:\/\/gbm.com.vn\/#\/schema\/person\/30083509a9d7bd3453b90d3952e16bb1"},"potentialAction":[{"@type":"SearchAction","target":{"@type":"EntryPoint","urlTemplate":"https:\/\/gbm.com.vn\/?s={search_term_string}"},"query-input":"required name=search_term_string"}],"inLanguage":"vi"},{"@type":["Person","Organization"],"@id":"https:\/\/gbm.com.vn\/#\/schema\/person\/30083509a9d7bd3453b90d3952e16bb1","name":"adgbmpro","image":{"@type":"ImageObject","inLanguage":"vi","@id":"https:\/\/gbm.com.vn\/#\/schema\/person\/image\/","url":"https:\/\/gbm.com.vn\/wp-content\/uploads\/2021\/11\/logo-GBM.png","contentUrl":"https:\/\/gbm.com.vn\/wp-content\/uploads\/2021\/11\/logo-GBM.png","width":111,"height":111,"caption":"adgbmpro"},"logo":{"@id":"https:\/\/gbm.com.vn\/#\/schema\/person\/image\/"},"sameAs":["https:\/\/gbm.com.vn"]}]}},"_links":{"self":[{"href":"https:\/\/gbm.com.vn\/index.php?rest_route=\/wp\/v2\/product\/1388","targetHints":{"allow":["GET"]}}],"collection":[{"href":"https:\/\/gbm.com.vn\/index.php?rest_route=\/wp\/v2\/product"}],"about":[{"href":"https:\/\/gbm.com.vn\/index.php?rest_route=\/wp\/v2\/types\/product"}],"wp:featuredmedia":[{"embeddable":true,"href":"https:\/\/gbm.com.vn\/index.php?rest_route=\/wp\/v2\/media\/1390"}],"wp:attachment":[{"href":"https:\/\/gbm.com.vn\/index.php?rest_route=%2Fwp%2Fv2%2Fmedia&parent=1388"}],"wp:term":[{"taxonomy":"product_cat","embeddable":true,"href":"https:\/\/gbm.com.vn\/index.php?rest_route=%2Fwp%2Fv2%2Fproduct_cat&post=1388"},{"taxonomy":"product_tag","embeddable":true,"href":"https:\/\/gbm.com.vn\/index.php?rest_route=%2Fwp%2Fv2%2Fproduct_tag&post=1388"}],"curies":[{"name":"wp","href":"https:\/\/api.w.org\/{rel}","templated":true}]}}