{"id":1399,"date":"2022-04-10T08:36:24","date_gmt":"2022-04-10T01:36:24","guid":{"rendered":"https:\/\/gbm.com.vn\/?post_type=product&#038;p=1399"},"modified":"2022-04-10T08:37:54","modified_gmt":"2022-04-10T01:37:54","slug":"muoi-tam-cafe-moc-tam-tay-da-chet-body-ngan-ngua-mun-lung","status":"publish","type":"product","link":"https:\/\/gbm.com.vn\/?product=muoi-tam-cafe-moc-tam-tay-da-chet-body-ngan-ngua-mun-lung","title":{"rendered":"Mu\u1ed1i T\u1eafm Cafe M\u1ed9c T\u00e2m \u2013 T\u1ea9y Da Ch\u1ebft Body \u2013 Ng\u0103n Ng\u1eeba M\u1ee5n L\u01b0ng"},"content":{"rendered":"<p>Theo nghi\u00ean c\u1ee9u, l\u00e0n da c\u1ee7a ch\u00fang ta s\u1ea3n xu\u1ea5t ra kho\u1ea3ng 5 t\u1ef7 t\u1ebf b\u00e0o m\u1ed7i ng\u00e0y.\u00a0Theo \u0111\u00f3, m\u1ed9t s\u1ed1 t\u1ebf b\u00e0o ch\u1ebft s\u1ebd r\u1eddi kh\u1ecfi b\u1ec1 m\u1eb7t da, m\u1ed9t s\u1ed1 kh\u00e1c v\u1eabn ba\u0301m l\u1ea1i tr\u00ean da v\u00e0 t\u00edch t\u1ee5 vi khu\u1ea9n c\u00f9ng b\u1ee5i b\u1ea9n.\u00a0Ch\u00fang s\u1ebd l\u00e0 nguy\u00ean nh\u00e2n d\u1eabn \u0111\u1ebfn da s\u1ea1m \u0111en, s\u1ea7n s\u00f9i, b\u00edt t\u1eafc l\u1ed7 ch\u00e2n l\u00f4ng, vi\u00eam nang l\u00f4ng, n\u1ed5i m\u1ee5n\u00a0 hay kh\u00f4 r\u00e1t, xu\u1ea5t hi\u1ec7n c\u00e1c n\u1ebfp nh\u0103n do l\u00e3o h\u00f3a. Do \u0111\u00f3, l\u00e0n da c\u1ee7a ch\u00fang ta r\u1ea5t c\u1ea7n \u0111\u01b0\u1ee3c t\u1ea9y da ch\u1ebft \u0111\u1ecbnh k\u1ef3 \u0111\u1ec3 lo\u1ea1i b\u1ecf s\u1ea1ch b\u1ee5i b\u1ea9n, t\u1ebf b\u00e0o ch\u1ebft tr\u00ean da, mang l\u1ea1i l\u00e0n da t\u01b0\u01a1i t\u1eafn, tr\u1eafng s\u00e1ng, m\u1ecbn m\u00e0ng.<\/p>\n<p>N\u1ebfu ch\u1ecb em \u0111ang t\u00ecm ki\u1ebfm s\u1ea3n ph\u1ea9m c\u00f3 th\u1ec3 gi\u00fap gi\u1ea3i quy\u1ebft \u0111\u01b0\u1ee3c c\u00e1c v\u1ea5n \u0111\u1ec1 vi\u00eam nang l\u00f4ng, m\u1ee5n l\u01b0ng, da s\u1ea7n s\u00f9i, kh\u00f4 r\u00e1p,\u2026 ho\u1eb7c \u0111ang b\u0103n kho\u0103n kh\u00f4ng bi\u1ebft l\u1ef1a ch\u1ecdn s\u1ea3n ph\u1ea9m n\u00e0o cho con em m\u00ecnh \u0111\u1ec3 kh\u1eafc ph\u1ee5c \u0111\u01b0\u1ee3c v\u1ea5n \u0111\u1ec1 r\u00f4m s\u1ea3y, m\u1ea9n ng\u1ee9a do c\u00f4n tr\u00f9ng \u0111\u1ed1t, m\u1ec1 \u0111ay, vi\u00eam da d\u1ecb \u1ee9ng th\u00ec c\u00f3 th\u1ec3 tham kh\u1ea3o m\u1ed9t s\u1ea3n ph\u1ea9m c\u00f3 th\u1ec3 gi\u1ea3i quy\u1ebft \u0111\u01b0\u1ee3c h\u1ea7u h\u1ebft c\u00e1c v\u1ea5n \u0111\u1ec1 n\u00e0y r\u1ea5t hi\u1ec7u qu\u1ea3, \u0111\u00f3 ch\u00ednh l\u00e0 Mu\u1ed1i t\u1eafm.<\/p>\n<p>Mu\u1ed1i \u0111\u01b0\u1ee3c xem l\u00e0 m\u1ed9t nguy\u00ean li\u1ec7u quen thu\u1ed9c trong c\u00e1c ph\u01b0\u01a1ng ph\u00e1p t\u1ea9y t\u1ebf b\u00e0o ch\u1ebft t\u1eeb thi\u00ean nhi\u00ean, gi\u00fap \u0111\u00e1nh bay t\u1ebf b\u00e0o ch\u1ebft tr\u00ean da, b\u1ea3o v\u1ec7 da s\u00e1ng kh\u1ecfe, m\u1ecbn m\u00e0ng c\u0169ng nh\u01b0 h\u1ea5p thu c\u00e1c d\u01b0\u1ee1ng ch\u1ea5t d\u1ec5 d\u00e0ng h\u01a1n.\u00a0Th\u00f4ng qua c\u01a1 ch\u1ebf massage, mu\u1ed1i t\u1eafm ph\u00e1t huy t\u1ed1i \u0111a c\u00f4ng d\u1ee5ng gi\u00fap lo\u1ea1i b\u1ecf t\u1ebf b\u00e0o da ch\u1ebft, b\u1ee5i b\u1ea9n, b\u00e3 nh\u1eddn tr\u00ean da, \u0111\u1ed3ng th\u1eddi gi\u00fap c\u01a1 th\u1ec3 th\u01b0 gi\u00e3n, \u0111\u00e0o th\u1ea3i \u0111\u1ed9c t\u1ed1 v\u00e0 gi\u1ea3m c\u0103ng th\u1eb3ng, m\u1ec7t m\u1ecfi.<\/p>\n<h2><b>C\u00f4ng D\u1ee5ng<\/b><\/h2>\n<ul>\n<li aria-level=\"1\">Gi\u00fap nh\u1eb9 nh\u00e0ng l\u00e0m s\u1ea1ch s\u00e2u l\u1ed7 ch\u00e2n l\u00f4ng, lo\u1ea1i b\u1ecf t\u1ebf b\u00e0o da ch\u1ebft, b\u1ee5i b\u1ea9n, m\u1ed3 h\u00f4i v\u00e0 vi khu\u1ea9n m\u00e0 kh\u00f4ng l\u00e0m t\u1ed5n th\u01b0\u01a1ng da.<\/li>\n<li aria-level=\"1\">H\u1ed7 tr\u1ee3 ng\u0103n ng\u1eeba v\u00e0 gi\u1ea3m t\u00ecnh tr\u1ea1ng vi\u00eam nang l\u00f4ng, s\u1eebng h\u00f3a nang l\u00f4ng, m\u1ee5n, r\u00f4m s\u1ea3y tr\u00ean da, g\u00f3p ph\u1ea7n gi\u00fap da tr\u1eafng s\u00e1ng v\u00e0 kh\u1ecfe m\u1ea1nh h\u01a1n.<\/li>\n<li aria-level=\"1\">B\u1ed5 sung c\u00e1c d\u01b0\u1ee1ng ch\u1ea5t c\u1ea7n thi\u1ebft, duy tr\u00ec \u0111\u1ed9 \u1ea9m cho da gi\u00fap da m\u1ec1m m\u1ea1i, \u0111\u1ed3ng th\u1eddi gi\u1ea3m m\u1ee9c \u0111\u1ed9 nh\u1ea1y c\u1ea3m c\u1ee7a da v\u1edbi tia c\u1ef1c t\u00edm, ph\u1ee5c h\u1ed3i v\u00e0 t\u00e1i t\u1ea1o da, ng\u0103n ng\u1eeba v\u00e0 b\u1ea3o v\u1ec7 da tr\u01b0\u1edbc qu\u00e1 tr\u00ecnh l\u00e3o h\u00f3a.<\/li>\n<li aria-level=\"1\">Gi\u00fap da h\u1ea5p th\u1ee5 d\u1ec5 d\u00e0ng c\u00e1c d\u01b0\u1ee1ng ch\u1ea5t t\u1eeb lotion, kem d\u01b0\u1ee1ng da,\u2026 \u1edf c\u00e1c b\u01b0\u1edbc ch\u0103m s\u00f3c sau.<\/li>\n<li aria-level=\"1\">\u0110\u1eb7c bi\u1ec7t, qu\u00e1 tr\u00ecnh massage v\u1edbi mu\u1ed1i t\u1eafm s\u1ebd gi\u00fap t\u0103ng c\u01b0\u1eddng tu\u1ea7n ho\u00e0n m\u00e1u d\u01b0\u1edbi da, \u0111\u00e0o th\u1ea3i \u0111\u1ed9c t\u1ed1 gi\u00fap da h\u1ed3ng h\u00e0o, kh\u1ecfe m\u1ea1nh, \u0111\u1ed3ng th\u1eddi gi\u00fap c\u01a1 th\u1ec3 \u0111\u01b0\u1ee3c th\u01b0 gi\u00e3n, gi\u1ea3i t\u1ecfa c\u0103ng th\u1eb3ng, m\u1ec7t m\u1ecfi.<\/li>\n<\/ul>\n<h2><b>Th\u00e0nh Ph\u1ea7n<\/b><\/h2>\n<p><strong>Mu\u1ed1i t\u1eafm C\u00e0 Ph\u00ea M\u1ed9c T\u00e2m<\/strong>\u00a0\u0111\u01b0\u1ee3c chi\u1ebft xu\u1ea5t ho\u00e0n to\u00e0n t\u1eeb c\u00e1c lo\u1ea1i Tinh d\u1ea7u th\u1ea3o m\u1ed9c thi\u00ean nhi\u00ean nh\u01b0:\u00a0<b>D\u1ea7u Oliu, D\u1ea7u H\u1ea1nh Nh\u00e2n, Tinh D\u1ea7u Tr\u00e0m Gi\u00f3, Tinh D\u1ea7u S\u1ea3 Chanh, Tinh D\u1ea7u H\u01b0\u01a1ng Th\u1ea3o, B\u1ed9t c\u00e0 ph\u00ea v\u00e0 Axit Salicylic<\/b>,\u2026 c\u00f3 t\u00e1c d\u1ee5ng v\u1eeba l\u00e0m s\u1ea1ch v\u00e0 lo\u1ea1i b\u1ecf t\u1ebf b\u00e0o da ch\u1ebft cho da, l\u00e0m gi\u1ea3m t\u00ecnh tr\u1ea1ng vi\u00eam, b\u00edt t\u1eafc l\u1ed7 ch\u00e2n l\u00f4ng, v\u1eeba gi\u1eef \u1ea9m, l\u00e0m m\u1ec1m da, cho l\u00e0n da m\u1ecbn m\u00e0ng v\u00e0 kh\u1ecfe m\u1ea1nh.<\/p>\n<p>Ngo\u00e0i ra, c\u00e1c tinh d\u1ea7u n\u00e0y c\u00f2n c\u00f3 t\u00e1c d\u1ee5ng gi\u00fap b\u00e9 y\u00eau c\u1ee7a b\u1ea1n h\u1ebft r\u00f4m s\u1ea3y, d\u1ecbu da do b\u1ecb c\u00f4n tr\u00f9ng \u0111\u1ed1t, ph\u00f2ng ng\u1eeba \u0111\u01b0\u1ee3c c\u1ea3m c\u00fam, s\u1ed5 m\u0169i, \u0111\u1ed3ng th\u1eddi tr\u00e1nh \u0111\u01b0\u1ee3c gi\u00f3, gi\u00fap gi\u1eef \u1ea5m c\u01a1 th\u1ec3 cho b\u00e9.<\/p>\n<h2><b>\u01afu \u0110i\u1ec3m<\/b><\/h2>\n<ul>\n<li aria-level=\"1\">V\u1edbi ngu\u1ed3n g\u1ed1c ho\u00e0n to\u00e0n t\u1eeb t\u1ef1 nhi\u00ean, r\u1ea5t an to\u00e0n v\u00e0 l\u00e0nh t\u00ednh cho da, mu\u1ed1i t\u1eafm c\u00f3 th\u1ec3 d\u00f9ng \u0111\u01b0\u1ee3c cho tr\u1ebb em tr\u00ean 1 tu\u1ed5i, ph\u1ee5 n\u1eef mang thai v\u00e0 sau sinh.<\/li>\n<li aria-level=\"1\">C\u00e1c tinh d\u1ea7u trong s\u1ea3n ph\u1ea9m mang l\u1ea1i r\u1ea5t nhi\u1ec1u c\u00f4ng d\u1ee5ng, v\u1eeba gi\u00fap t\u1ea1o h\u01b0\u01a1ng th\u01a1m, g\u00f3p ph\u1ea7n xua \u0111u\u1ed5i mu\u1ed7i, c\u00f4n tr\u00f9ng b\u1ea3o v\u1ec7 l\u00e0n da nh\u1ea1y c\u1ea3m c\u1ee7a b\u00e9. Ngo\u00e0i ra, gi\u00fap ph\u00f2ng ng\u1eeba r\u00f4m s\u1ea3y, h\u0103m ng\u1ee9a, m\u1ee5n nh\u1ecdt v\u00e0 c\u1ea3m l\u1ea1nh cho b\u00e9 hi\u1ec7u qu\u1ea3.<\/li>\n<li aria-level=\"1\">Mu\u1ed1i t\u1eafm c\u00f2n t\u1ea1o c\u1ea3m gi\u00e1c m\u1ec1m m\u1ea1i t\u1ef1 nhi\u00ean, m\u00f9i h\u01b0\u01a1ng c\u1ee7a B\u1ed9t cafe s\u1ebd nh\u1eb9 nh\u00e0ng l\u01b0u tr\u00ean da, gi\u00fap c\u1ea3 b\u1ea1n v\u00e0 b\u00e9 y\u00eau \u0111\u1ec1u c\u1ea3m th\u1ea5y d\u1ec5 ch\u1ecbu v\u00e0 s\u1ea3ng kho\u00e1i su\u1ed1t c\u1ea3 ng\u00e0y.<\/li>\n<\/ul>\n<p><strong>H\u1ea1n S\u1eed d\u1ee5ng:<\/strong>\u00a02.5 n\u0103m k\u1ec3 t\u1eeb ng\u00e0y s\u1ea3n xu\u1ea5t<\/p>\n","protected":false},"excerpt":{"rendered":"<p><strong>Dung t\u00edch\/Tr\u1ecdng l\u01b0\u1ee3ng:<\/strong>\u00a0150g<\/p>\n<p><strong>D\u1ea1ng s\u1ea3n ph\u1ea9m:<\/strong>\u00a0D\u1ea1ng h\u1ea1t<\/p>\n<p><strong>Xu\u1ea5t x\u1ee9:<\/strong>\u00a0Made in Vietnam<\/p>\n","protected":false},"featured_media":1400,"template":"","meta":[],"product_cat":[105],"product_tag":[106],"class_list":{"0":"post-1399","1":"product","2":"type-product","3":"status-publish","4":"has-post-thumbnail","6":"product_cat-body-care","7":"product_tag-muoi-tam","9":"first","10":"instock","11":"shipping-taxable","12":"purchasable","13":"product-type-simple"},"yoast_head":"<!-- This site is optimized with the Yoast SEO plugin v23.0 - https:\/\/yoast.com\/wordpress\/plugins\/seo\/ -->\n<title>Mu\u1ed1i T\u1eafm Cafe M\u1ed9c T\u00e2m \u2013 T\u1ea9y Da Ch\u1ebft Body \u2013 Ng\u0103n Ng\u1eeba M\u1ee5n L\u01b0ng - gbm.com.vn<\/title>\n<meta name=\"robots\" content=\"index, follow, max-snippet:-1, max-image-preview:large, max-video-preview:-1\" \/>\n<link rel=\"canonical\" href=\"https:\/\/gbm.com.vn\/?product=muoi-tam-cafe-moc-tam-tay-da-chet-body-ngan-ngua-mun-lung\" \/>\n<meta property=\"og:locale\" content=\"vi_VN\" \/>\n<meta property=\"og:type\" content=\"article\" \/>\n<meta property=\"og:title\" content=\"Mu\u1ed1i T\u1eafm Cafe M\u1ed9c T\u00e2m \u2013 T\u1ea9y Da Ch\u1ebft Body \u2013 Ng\u0103n Ng\u1eeba M\u1ee5n L\u01b0ng - gbm.com.vn\" \/>\n<meta property=\"og:description\" content=\"Dung t\u00edch\/Tr\u1ecdng l\u01b0\u1ee3ng:\u00a0150g  D\u1ea1ng s\u1ea3n ph\u1ea9m:\u00a0D\u1ea1ng h\u1ea1t  Xu\u1ea5t x\u1ee9:\u00a0Made in Vietnam\" \/>\n<meta property=\"og:url\" content=\"https:\/\/gbm.com.vn\/?product=muoi-tam-cafe-moc-tam-tay-da-chet-body-ngan-ngua-mun-lung\" \/>\n<meta property=\"og:site_name\" content=\"gbm.com.vn\" \/>\n<meta property=\"article:modified_time\" content=\"2022-04-10T01:37:54+00:00\" \/>\n<meta property=\"og:image\" content=\"https:\/\/gbm.com.vn\/wp-content\/uploads\/2022\/04\/muoi-tam-cafe-moc-tam.jpg\" \/>\n\t<meta property=\"og:image:width\" content=\"900\" \/>\n\t<meta property=\"og:image:height\" content=\"900\" \/>\n\t<meta property=\"og:image:type\" content=\"image\/jpeg\" \/>\n<meta name=\"twitter:card\" content=\"summary_large_image\" \/>\n<meta name=\"twitter:label1\" content=\"\u01af\u1edbc t\u00ednh th\u1eddi gian \u0111\u1ecdc\" \/>\n\t<meta name=\"twitter:data1\" content=\"4 ph\u00fat\" \/>\n<script type=\"application\/ld+json\" class=\"yoast-schema-graph\">{\"@context\":\"https:\/\/schema.org\",\"@graph\":[{\"@type\":\"WebPage\",\"@id\":\"https:\/\/gbm.com.vn\/?product=muoi-tam-cafe-moc-tam-tay-da-chet-body-ngan-ngua-mun-lung\",\"url\":\"https:\/\/gbm.com.vn\/?product=muoi-tam-cafe-moc-tam-tay-da-chet-body-ngan-ngua-mun-lung\",\"name\":\"Mu\u1ed1i T\u1eafm Cafe M\u1ed9c T\u00e2m \u2013 T\u1ea9y Da Ch\u1ebft Body \u2013 Ng\u0103n Ng\u1eeba M\u1ee5n L\u01b0ng - gbm.com.vn\",\"isPartOf\":{\"@id\":\"https:\/\/gbm.com.vn\/#website\"},\"primaryImageOfPage\":{\"@id\":\"https:\/\/gbm.com.vn\/?product=muoi-tam-cafe-moc-tam-tay-da-chet-body-ngan-ngua-mun-lung#primaryimage\"},\"image\":{\"@id\":\"https:\/\/gbm.com.vn\/?product=muoi-tam-cafe-moc-tam-tay-da-chet-body-ngan-ngua-mun-lung#primaryimage\"},\"thumbnailUrl\":\"https:\/\/gbm.com.vn\/wp-content\/uploads\/2022\/04\/muoi-tam-cafe-moc-tam.jpg\",\"datePublished\":\"2022-04-10T01:36:24+00:00\",\"dateModified\":\"2022-04-10T01:37:54+00:00\",\"breadcrumb\":{\"@id\":\"https:\/\/gbm.com.vn\/?product=muoi-tam-cafe-moc-tam-tay-da-chet-body-ngan-ngua-mun-lung#breadcrumb\"},\"inLanguage\":\"vi\",\"potentialAction\":[{\"@type\":\"ReadAction\",\"target\":[\"https:\/\/gbm.com.vn\/?product=muoi-tam-cafe-moc-tam-tay-da-chet-body-ngan-ngua-mun-lung\"]}]},{\"@type\":\"ImageObject\",\"inLanguage\":\"vi\",\"@id\":\"https:\/\/gbm.com.vn\/?product=muoi-tam-cafe-moc-tam-tay-da-chet-body-ngan-ngua-mun-lung#primaryimage\",\"url\":\"https:\/\/gbm.com.vn\/wp-content\/uploads\/2022\/04\/muoi-tam-cafe-moc-tam.jpg\",\"contentUrl\":\"https:\/\/gbm.com.vn\/wp-content\/uploads\/2022\/04\/muoi-tam-cafe-moc-tam.jpg\",\"width\":900,\"height\":900,\"caption\":\"Mu\u1ed1i t\u1eafm cafe M\u1ed9c T\u00e2m\"},{\"@type\":\"BreadcrumbList\",\"@id\":\"https:\/\/gbm.com.vn\/?product=muoi-tam-cafe-moc-tam-tay-da-chet-body-ngan-ngua-mun-lung#breadcrumb\",\"itemListElement\":[{\"@type\":\"ListItem\",\"position\":1,\"name\":\"Trang ch\u1ee7\",\"item\":\"https:\/\/gbm.com.vn\/\"},{\"@type\":\"ListItem\",\"position\":2,\"name\":\"Shop\",\"item\":\"https:\/\/gbm.com.vn\/?page_id=8\"},{\"@type\":\"ListItem\",\"position\":3,\"name\":\"Mu\u1ed1i T\u1eafm Cafe M\u1ed9c T\u00e2m \u2013 T\u1ea9y Da Ch\u1ebft Body \u2013 Ng\u0103n Ng\u1eeba M\u1ee5n L\u01b0ng\"}]},{\"@type\":\"WebSite\",\"@id\":\"https:\/\/gbm.com.vn\/#website\",\"url\":\"https:\/\/gbm.com.vn\/\",\"name\":\"gbm.com.vn\",\"description\":\"GBM Official Website\",\"publisher\":{\"@id\":\"https:\/\/gbm.com.vn\/#\/schema\/person\/30083509a9d7bd3453b90d3952e16bb1\"},\"potentialAction\":[{\"@type\":\"SearchAction\",\"target\":{\"@type\":\"EntryPoint\",\"urlTemplate\":\"https:\/\/gbm.com.vn\/?s={search_term_string}\"},\"query-input\":\"required name=search_term_string\"}],\"inLanguage\":\"vi\"},{\"@type\":[\"Person\",\"Organization\"],\"@id\":\"https:\/\/gbm.com.vn\/#\/schema\/person\/30083509a9d7bd3453b90d3952e16bb1\",\"name\":\"adgbmpro\",\"image\":{\"@type\":\"ImageObject\",\"inLanguage\":\"vi\",\"@id\":\"https:\/\/gbm.com.vn\/#\/schema\/person\/image\/\",\"url\":\"https:\/\/gbm.com.vn\/wp-content\/uploads\/2021\/11\/logo-GBM.png\",\"contentUrl\":\"https:\/\/gbm.com.vn\/wp-content\/uploads\/2021\/11\/logo-GBM.png\",\"width\":111,\"height\":111,\"caption\":\"adgbmpro\"},\"logo\":{\"@id\":\"https:\/\/gbm.com.vn\/#\/schema\/person\/image\/\"},\"sameAs\":[\"https:\/\/gbm.com.vn\"]}]}<\/script>\n<!-- \/ Yoast SEO plugin. -->","yoast_head_json":{"title":"Mu\u1ed1i T\u1eafm Cafe M\u1ed9c T\u00e2m \u2013 T\u1ea9y Da Ch\u1ebft Body \u2013 Ng\u0103n Ng\u1eeba M\u1ee5n L\u01b0ng - gbm.com.vn","robots":{"index":"index","follow":"follow","max-snippet":"max-snippet:-1","max-image-preview":"max-image-preview:large","max-video-preview":"max-video-preview:-1"},"canonical":"https:\/\/gbm.com.vn\/?product=muoi-tam-cafe-moc-tam-tay-da-chet-body-ngan-ngua-mun-lung","og_locale":"vi_VN","og_type":"article","og_title":"Mu\u1ed1i T\u1eafm Cafe M\u1ed9c T\u00e2m \u2013 T\u1ea9y Da Ch\u1ebft Body \u2013 Ng\u0103n Ng\u1eeba M\u1ee5n L\u01b0ng - gbm.com.vn","og_description":"Dung t\u00edch\/Tr\u1ecdng l\u01b0\u1ee3ng:\u00a0150g  D\u1ea1ng s\u1ea3n ph\u1ea9m:\u00a0D\u1ea1ng h\u1ea1t  Xu\u1ea5t x\u1ee9:\u00a0Made in Vietnam","og_url":"https:\/\/gbm.com.vn\/?product=muoi-tam-cafe-moc-tam-tay-da-chet-body-ngan-ngua-mun-lung","og_site_name":"gbm.com.vn","article_modified_time":"2022-04-10T01:37:54+00:00","og_image":[{"width":900,"height":900,"url":"https:\/\/gbm.com.vn\/wp-content\/uploads\/2022\/04\/muoi-tam-cafe-moc-tam.jpg","type":"image\/jpeg"}],"twitter_card":"summary_large_image","twitter_misc":{"\u01af\u1edbc t\u00ednh th\u1eddi gian \u0111\u1ecdc":"4 ph\u00fat"},"schema":{"@context":"https:\/\/schema.org","@graph":[{"@type":"WebPage","@id":"https:\/\/gbm.com.vn\/?product=muoi-tam-cafe-moc-tam-tay-da-chet-body-ngan-ngua-mun-lung","url":"https:\/\/gbm.com.vn\/?product=muoi-tam-cafe-moc-tam-tay-da-chet-body-ngan-ngua-mun-lung","name":"Mu\u1ed1i T\u1eafm Cafe M\u1ed9c T\u00e2m \u2013 T\u1ea9y Da Ch\u1ebft Body \u2013 Ng\u0103n Ng\u1eeba M\u1ee5n L\u01b0ng - gbm.com.vn","isPartOf":{"@id":"https:\/\/gbm.com.vn\/#website"},"primaryImageOfPage":{"@id":"https:\/\/gbm.com.vn\/?product=muoi-tam-cafe-moc-tam-tay-da-chet-body-ngan-ngua-mun-lung#primaryimage"},"image":{"@id":"https:\/\/gbm.com.vn\/?product=muoi-tam-cafe-moc-tam-tay-da-chet-body-ngan-ngua-mun-lung#primaryimage"},"thumbnailUrl":"https:\/\/gbm.com.vn\/wp-content\/uploads\/2022\/04\/muoi-tam-cafe-moc-tam.jpg","datePublished":"2022-04-10T01:36:24+00:00","dateModified":"2022-04-10T01:37:54+00:00","breadcrumb":{"@id":"https:\/\/gbm.com.vn\/?product=muoi-tam-cafe-moc-tam-tay-da-chet-body-ngan-ngua-mun-lung#breadcrumb"},"inLanguage":"vi","potentialAction":[{"@type":"ReadAction","target":["https:\/\/gbm.com.vn\/?product=muoi-tam-cafe-moc-tam-tay-da-chet-body-ngan-ngua-mun-lung"]}]},{"@type":"ImageObject","inLanguage":"vi","@id":"https:\/\/gbm.com.vn\/?product=muoi-tam-cafe-moc-tam-tay-da-chet-body-ngan-ngua-mun-lung#primaryimage","url":"https:\/\/gbm.com.vn\/wp-content\/uploads\/2022\/04\/muoi-tam-cafe-moc-tam.jpg","contentUrl":"https:\/\/gbm.com.vn\/wp-content\/uploads\/2022\/04\/muoi-tam-cafe-moc-tam.jpg","width":900,"height":900,"caption":"Mu\u1ed1i t\u1eafm cafe M\u1ed9c T\u00e2m"},{"@type":"BreadcrumbList","@id":"https:\/\/gbm.com.vn\/?product=muoi-tam-cafe-moc-tam-tay-da-chet-body-ngan-ngua-mun-lung#breadcrumb","itemListElement":[{"@type":"ListItem","position":1,"name":"Trang ch\u1ee7","item":"https:\/\/gbm.com.vn\/"},{"@type":"ListItem","position":2,"name":"Shop","item":"https:\/\/gbm.com.vn\/?page_id=8"},{"@type":"ListItem","position":3,"name":"Mu\u1ed1i T\u1eafm Cafe M\u1ed9c T\u00e2m \u2013 T\u1ea9y Da Ch\u1ebft Body \u2013 Ng\u0103n Ng\u1eeba M\u1ee5n L\u01b0ng"}]},{"@type":"WebSite","@id":"https:\/\/gbm.com.vn\/#website","url":"https:\/\/gbm.com.vn\/","name":"gbm.com.vn","description":"GBM Official Website","publisher":{"@id":"https:\/\/gbm.com.vn\/#\/schema\/person\/30083509a9d7bd3453b90d3952e16bb1"},"potentialAction":[{"@type":"SearchAction","target":{"@type":"EntryPoint","urlTemplate":"https:\/\/gbm.com.vn\/?s={search_term_string}"},"query-input":"required name=search_term_string"}],"inLanguage":"vi"},{"@type":["Person","Organization"],"@id":"https:\/\/gbm.com.vn\/#\/schema\/person\/30083509a9d7bd3453b90d3952e16bb1","name":"adgbmpro","image":{"@type":"ImageObject","inLanguage":"vi","@id":"https:\/\/gbm.com.vn\/#\/schema\/person\/image\/","url":"https:\/\/gbm.com.vn\/wp-content\/uploads\/2021\/11\/logo-GBM.png","contentUrl":"https:\/\/gbm.com.vn\/wp-content\/uploads\/2021\/11\/logo-GBM.png","width":111,"height":111,"caption":"adgbmpro"},"logo":{"@id":"https:\/\/gbm.com.vn\/#\/schema\/person\/image\/"},"sameAs":["https:\/\/gbm.com.vn"]}]}},"_links":{"self":[{"href":"https:\/\/gbm.com.vn\/index.php?rest_route=\/wp\/v2\/product\/1399","targetHints":{"allow":["GET"]}}],"collection":[{"href":"https:\/\/gbm.com.vn\/index.php?rest_route=\/wp\/v2\/product"}],"about":[{"href":"https:\/\/gbm.com.vn\/index.php?rest_route=\/wp\/v2\/types\/product"}],"wp:featuredmedia":[{"embeddable":true,"href":"https:\/\/gbm.com.vn\/index.php?rest_route=\/wp\/v2\/media\/1400"}],"wp:attachment":[{"href":"https:\/\/gbm.com.vn\/index.php?rest_route=%2Fwp%2Fv2%2Fmedia&parent=1399"}],"wp:term":[{"taxonomy":"product_cat","embeddable":true,"href":"https:\/\/gbm.com.vn\/index.php?rest_route=%2Fwp%2Fv2%2Fproduct_cat&post=1399"},{"taxonomy":"product_tag","embeddable":true,"href":"https:\/\/gbm.com.vn\/index.php?rest_route=%2Fwp%2Fv2%2Fproduct_tag&post=1399"}],"curies":[{"name":"wp","href":"https:\/\/api.w.org\/{rel}","templated":true}]}}