{"id":1404,"date":"2022-04-10T08:46:13","date_gmt":"2022-04-10T01:46:13","guid":{"rendered":"https:\/\/gbm.com.vn\/?post_type=product&#038;p=1404"},"modified":"2022-04-10T08:46:13","modified_gmt":"2022-04-10T01:46:13","slug":"duong-moi-moc-tam-ngan-ngua-nut-ne-va-tham-moi","status":"publish","type":"product","link":"https:\/\/gbm.com.vn\/?product=duong-moi-moc-tam-ngan-ngua-nut-ne-va-tham-moi","title":{"rendered":"D\u01b0\u1ee1ng m\u00f4i M\u1ed9c T\u00e2m \u2013 Ng\u0103n ng\u1eeba n\u1ee9t n\u1ebb v\u00e0 th\u00e2m m\u00f4i"},"content":{"rendered":"<p><b>D\u01b0\u1ee1ng M\u00f4i M\u1ed9c T\u00e2m \u2013 D\u01b0\u1ee1ng \u1ea8m \u2013 H\u1ed3ng M\u00f4i \u2013 Ng\u0103n Ng\u1eeba M\u00f4i Kh\u00f4 N\u1ee9t N\u1ebb<\/b><i><\/i><\/p>\n<p>B\u1ea1n c\u00f3 bi\u1ebft, so v\u1edbi c\u00e1c v\u00f9ng da kh\u00e1c, m\u00f4i c\u1ee7a ch\u00fang ta m\u1ecfng h\u01a1n r\u1ea5t nhi\u1ec1u? M\u00f4i kh\u00f4ng c\u00f3 c\u00e1c tuy\u1ebfn nh\u1eddn v\u00e0 c\u00e1c m\u00f4 \u0111\u1ec3 \u0111\u01b0\u1ee3c b\u1ea3o v\u1ec7 kh\u1ecfi c\u00e1c t\u00e1c \u0111\u1ed9ng ngo\u1ea1i lai, do \u0111\u00f3, kh\u1ea3 n\u0103ng b\u1ecb t\u00e1c \u0111\u1ed9ng b\u1edfi \u00e1nh n\u1eafng m\u1eb7t tr\u1eddi v\u00e0 c\u00e1c t\u00e1c \u0111\u1ed9ng b\u00ean ngo\u00e0i l\u00e0 r\u1ea5t cao. B\u00ean c\u1ea1nh \u0111\u00f3, m\u00f4i c\u0169ng gi\u1eef \u0111\u1ed9 \u1ea9m k\u00e9m h\u01a1n, n\u00ean th\u01b0\u1eddng g\u00e2y ra t\u00ecnh tr\u1ea1ng kh\u00f4, n\u1ee9t n\u1ebb, bong tr\u00f3c, nh\u1ea5t l\u00e0 v\u00e0o m\u00f9a hanh kh\u00f4. Ch\u00ednh v\u00ec v\u1eady m\u00e0 vi\u1ec7c d\u01b0\u1ee1ng v\u00e0 ch\u0103m s\u00f3c da m\u00f4i l\u00e0 v\u00f4 c\u00f9ng c\u1ea7n thi\u1ebft, kh\u00f4ng ch\u1ec9 gi\u00fap \u0111\u00f4i m\u00f4i lu\u00f4n m\u1ec1m m\u1ea1i, \u1ea9m m\u01b0\u1ee3t, h\u1ea1n ch\u1ebf t\u1ed1i \u0111a c\u00e1c t\u00e1c \u0111\u1ed9ng b\u00ean ngo\u00e0i, m\u00e0 c\u00f2n gi\u00fap c\u1ea3i thi\u1ec7n m\u00e0u m\u00f4i, mang l\u1ea1i cho ch\u1ecb em b\u1edd m\u00f4i h\u1ed3ng h\u00e0o, t\u01b0\u01a1i t\u1eafn.<\/p>\n<div id=\"attachment_2851\" class=\"wp-caption aligncenter\"><img loading=\"lazy\" decoding=\"async\" class=\"wp-image-2851 size-full\" title=\"D\u01b0\u1ee1ng m\u00f4i M\u1ed9c T\u00e2m gi\u00fap d\u01b0\u1ee1ng \u1ea9m, l\u00e0m m\u1ec1m m\u00f4i, ng\u0103n ng\u1eeba n\u1ee9t n\u1ebb v\u00e0 th\u00e2m m\u00f4i\" src=\"https:\/\/moctam.vn\/wp-content\/uploads\/2021\/06\/duong-moi-moc-tam-8.jpg\" sizes=\"auto, (max-width: 800px) 100vw, 800px\" srcset=\"https:\/\/moctam.vn\/wp-content\/uploads\/2021\/06\/duong-moi-moc-tam-8.jpg 800w, https:\/\/moctam.vn\/wp-content\/uploads\/2021\/06\/duong-moi-moc-tam-8-768x602.jpg 768w, https:\/\/moctam.vn\/wp-content\/uploads\/2021\/06\/duong-moi-moc-tam-8-600x470.jpg 600w, https:\/\/moctam.vn\/wp-content\/uploads\/2021\/06\/duong-moi-moc-tam-8-150x118.jpg 150w\" alt=\"D\u01b0\u1ee1ng m\u00f4i M\u1ed9c T\u00e2m gi\u00fap d\u01b0\u1ee1ng \u1ea9m, l\u00e0m m\u1ec1m m\u00f4i, ng\u0103n ng\u1eeba n\u1ee9t n\u1ebb v\u00e0 th\u00e2m m\u00f4i\" width=\"800\" height=\"627\" aria-describedby=\"caption-attachment-2851\" \/><\/p>\n<p id=\"caption-attachment-2851\" class=\"wp-caption-text\"><em>D\u01b0\u1ee1ng m\u00f4i M\u1ed9c T\u00e2m gi\u00fap d\u01b0\u1ee1ng \u1ea9m, l\u00e0m m\u1ec1m m\u00f4i, ng\u0103n ng\u1eeba n\u1ee9t n\u1ebb v\u00e0 th\u00e2m m\u00f4i (ngu\u1ed3n \u1ea3nh: moctam.vn)<\/em><\/p>\n<\/div>\n<p><b>D\u01af\u1ee0NG M\u00d4I M\u1ed8C T\u00c2M\u00a0<\/b>l\u00e0 s\u1ea3n ph\u1ea9m D\u01b0\u1ee1ng m\u00f4i c\u1ee7a th\u01b0\u01a1ng hi\u1ec7u M\u1ef9 Ph\u1ea9m S\u1ea1ch M\u1ed9c T\u00e2m, \u0111\u01b0\u1ee3c chi\u1ebft xu\u1ea5t t\u1eeb ngu\u1ed3n g\u1ed1c thi\u00ean nhi\u00ean, v\u00f4 c\u00f9ng an to\u00e0n v\u00e0 l\u00e0nh t\u00ednh cho m\u00f4i.<\/p>\n<h2><b>C\u00f4ng D\u1ee5ng<\/b><\/h2>\n<p>D\u01b0\u1ee1ng m\u00f4i M\u1ed9c T\u00e2m c\u00f3 c\u00f4ng d\u1ee5ng d\u01b0\u1ee1ng \u1ea9m, l\u00e0m m\u1ec1m m\u00f4i; gi\u00fap ng\u0103n ng\u1eeba kh\u00f4 m\u00f4i, n\u1ee9t n\u1ebb, nh\u1ea5t l\u00e0 v\u00e0o m\u00f9a hanh kh\u00f4. Ngo\u00e0i ra, s\u1ea3n ph\u1ea9m c\u00f2n gi\u00fap l\u00e0m h\u1ed3ng m\u00f4i, duy tr\u00ec s\u1eafc m\u00f4i lu\u00f4n h\u1ed3ng h\u00e0o, t\u01b0\u01a1i t\u1eafn v\u00e0 r\u1ea1ng r\u1ee1.<\/p>\n<h2><b>Th\u00e0nh Ph\u1ea7n<\/b><\/h2>\n<p>D\u01b0\u1ee1ng m\u00f4i M\u1ed9c T\u00e2m \u0111\u01b0\u1ee3c chi\u1ebft xu\u1ea5t ho\u00e0n to\u00e0n t\u1eeb c\u00e1c lo\u1ea1i d\u1ea7u t\u1ef1 nhi\u00ean \u0111\u00e3 qua ho\u1ea1t h\u00f3a v\u00e0 lo\u1ea1i b\u1ecf c\u00e1c t\u1ea1p ch\u1ea5t nh\u01b0:<\/p>\n<ul>\n<li aria-level=\"1\"><b>D\u1ea7u D\u1eeba:\u00a0<\/b>ch\u1ee9a nhi\u1ec1u axit b\u00e9o, gi\u00fap d\u01b0\u1ee1ng \u1ea9m m\u00f4i cho \u0111\u00f4i m\u00f4i c\u0103ng m\u1ecdng.<\/li>\n<li aria-level=\"1\"><b>D\u1ea7u H\u1ea1nh Nh\u00e2n, D\u1ea7u Jojoba, B\u01a1 Shea:\u00a0<\/b>gi\u00fap d\u01b0\u1ee1ng \u1ea9m, l\u00e0m m\u1ec1m m\u00f4i, h\u1ea1n ch\u1ebf n\u1ee9t n\u1ebb, kh\u00f4 m\u00f4i, c\u1ea3i thi\u1ec7n s\u1eafc t\u1ed1 m\u00f4i gi\u00fap m\u00f4i tr\u1edf n\u00ean t\u01b0\u01a1i t\u1eafn, \u0111\u1ec1u m\u00e0u.<\/li>\n<li aria-level=\"1\"><b>Tocopheryl acetate (Vitamin E):<\/b>\u00a0l\u00e0 th\u00e0nh ph\u1ea7n kh\u00f4ng th\u1ec3 thi\u1ebfu trong son d\u01b0\u1ee1ng m\u00f4i, c\u00f3 t\u00e1c d\u1ee5ng d\u01b0\u1ee1ng \u1ea9m, l\u00e0m m\u1ec1m m\u00f4i, \u0111\u1eb7c bi\u1ec7t hi\u1ec7u qu\u1ea3 trong vi\u1ec7c ng\u0103n ng\u1eeba v\u00e0 c\u1ea3i thi\u1ec7n t\u00ecnh tr\u1ea1ng kh\u00f4 m\u00f4i, n\u1ee9t n\u1ebb. \u0110\u1ed3ng th\u1eddi, ch\u1ed1ng oxy h\u00f3a cho m\u00f4i, c\u1ea3i thi\u1ec7n s\u1eafc t\u1ed1 m\u00f4i gi\u00fap mang l\u1ea1i \u0111\u00f4i m\u00f4i h\u1ed3ng h\u00e0o, t\u01b0\u01a1i t\u1eafn t\u1ef1 nhi\u00ean cho ch\u1ecb em.<\/li>\n<\/ul>\n<h2><b>\u01afu \u0110i\u1ec3m<\/b><\/h2>\n<ul>\n<li aria-level=\"1\">D\u01b0\u1ee1ng m\u00f4i M\u1ed9c T\u00e2m c\u00f3 ch\u1ee9a c\u00e1c th\u00e0nh ph\u1ea7n d\u01b0\u1ee1ng t\u1eeb thi\u00ean nhi\u00ean v\u00f4 c\u00f9ng an to\u00e0n, l\u00e0nh t\u00ednh cho m\u00f4i, kh\u00f4ng h\u1ec1 g\u00e2y k\u00edch \u1ee9ng. B\u00ean c\u1ea1nh \u0111\u00f3, c\u00e1c th\u00e0nh ph\u1ea7n n\u00e0y c\u0169ng mang l\u1ea1i t\u00e1c d\u1ee5ng v\u00f4 c\u00f9ng h\u1eefu hi\u1ec7u trong vi\u1ec7c l\u00e0m m\u1ec1m m\u00f4i, d\u01b0\u1ee1ng \u1ea9m cho m\u00f4i, h\u1ea1n ch\u1ebf m\u00f4i kh\u00f4, n\u1ee9t n\u1ebb v\u00e0 c\u1ea3i thi\u1ec7n s\u1eafc t\u1ed1 m\u00f4i gi\u00fap m\u00f4i lu\u00f4n h\u1ed3ng h\u00e0o, t\u01b0\u01a1i t\u1eafn t\u1ef1 nhi\u00ean, n\u00f3i \u201ckh\u00f4ng\u201d v\u1edbi t\u00ecnh tr\u1ea1ng th\u00e2m m\u00f4i sau qu\u00e1 tr\u00ecnh s\u1eed d\u1ee5ng s\u1ea3n ph\u1ea9m.<\/li>\n<li aria-level=\"1\">D\u01b0\u1ee1ng m\u00f4i c\u00f3 d\u1ea1ng s\u00e1p, d\u1ec5 d\u00e0ng h\u01a1n cho ch\u1ecb em trong vi\u1ec7c thoa l\u00ean m\u00f4i. H\u01a1n n\u1eefa, c\u00e1c th\u00e0nh ph\u1ea7n trong d\u01b0\u1ee1ng m\u00f4i nh\u01b0 h\u1ea1nh nh\u00e2n, d\u1ea7u d\u1eeba, h\u00f2a quy\u1ec7n v\u1edbi b\u01a1 shea s\u1ebd l\u01b0u l\u1ea1i tr\u00ean \u0111\u00f4i m\u00f4i c\u0103ng m\u1ecdng c\u1ee7a ch\u1ecb em m\u1ed9t m\u00f9i h\u01b0\u01a1ng nh\u1eb9 nh\u00e0ng, r\u1ea5t d\u1ec5 ch\u1ecbu khi s\u1eed d\u1ee5ng.<\/li>\n<\/ul>\n<p><strong>H\u1ea1n S\u1eed d\u1ee5ng:<\/strong>\u00a02.5 n\u0103m k\u1ec3 t\u1eeb ng\u00e0y s\u1ea3n xu\u1ea5t<\/p>\n","protected":false},"excerpt":{"rendered":"<p><strong>Dung t\u00edch\/Tr\u1ecdng l\u01b0\u1ee3ng:<\/strong>\u00a010g<\/p>\n<p><strong>D\u1ea1ng s\u1ea3n ph\u1ea9m:<\/strong>\u00a0D\u1ea1ng s\u00e1p<\/p>\n<p><strong>Xu\u1ea5t x\u1ee9:<\/strong>\u00a0Made in Vietnam<\/p>\n","protected":false},"featured_media":1405,"template":"","meta":[],"product_cat":[80],"product_tag":[],"class_list":{"0":"post-1404","1":"product","2":"type-product","3":"status-publish","4":"has-post-thumbnail","6":"product_cat-son","8":"first","9":"instock","10":"shipping-taxable","11":"purchasable","12":"product-type-simple"},"yoast_head":"<!-- This site is optimized with the Yoast SEO plugin v23.0 - https:\/\/yoast.com\/wordpress\/plugins\/seo\/ -->\n<title>D\u01b0\u1ee1ng m\u00f4i M\u1ed9c T\u00e2m \u2013 Ng\u0103n ng\u1eeba n\u1ee9t n\u1ebb v\u00e0 th\u00e2m m\u00f4i - gbm.com.vn<\/title>\n<meta name=\"description\" content=\"D\u01af\u1ee0NG M\u00d4I M\u1ed8C T\u00c2M\u00a0l\u00e0 s\u1ea3n ph\u1ea9m D\u01b0\u1ee1ng m\u00f4i \u0111\u01b0\u1ee3c chi\u1ebft xu\u1ea5t t\u1eeb ngu\u1ed3n g\u1ed1c thi\u00ean nhi\u00ean, v\u00f4 c\u00f9ng an to\u00e0n v\u00e0 l\u00e0nh t\u00ednh cho m\u00f4i.\" \/>\n<meta name=\"robots\" content=\"index, follow, max-snippet:-1, max-image-preview:large, max-video-preview:-1\" \/>\n<link rel=\"canonical\" href=\"https:\/\/gbm.com.vn\/?product=duong-moi-moc-tam-ngan-ngua-nut-ne-va-tham-moi\" \/>\n<meta property=\"og:locale\" content=\"vi_VN\" \/>\n<meta property=\"og:type\" content=\"article\" \/>\n<meta property=\"og:title\" content=\"D\u01b0\u1ee1ng m\u00f4i M\u1ed9c T\u00e2m \u2013 Ng\u0103n ng\u1eeba n\u1ee9t n\u1ebb v\u00e0 th\u00e2m m\u00f4i - gbm.com.vn\" \/>\n<meta property=\"og:description\" content=\"D\u01af\u1ee0NG M\u00d4I M\u1ed8C T\u00c2M\u00a0l\u00e0 s\u1ea3n ph\u1ea9m D\u01b0\u1ee1ng m\u00f4i \u0111\u01b0\u1ee3c chi\u1ebft xu\u1ea5t t\u1eeb ngu\u1ed3n g\u1ed1c thi\u00ean nhi\u00ean, v\u00f4 c\u00f9ng an to\u00e0n v\u00e0 l\u00e0nh t\u00ednh cho m\u00f4i.\" \/>\n<meta property=\"og:url\" content=\"https:\/\/gbm.com.vn\/?product=duong-moi-moc-tam-ngan-ngua-nut-ne-va-tham-moi\" \/>\n<meta property=\"og:site_name\" content=\"gbm.com.vn\" \/>\n<meta property=\"og:image\" content=\"https:\/\/gbm.com.vn\/wp-content\/uploads\/2022\/04\/duong-moi-moc-tam-8.jpg\" \/>\n\t<meta property=\"og:image:width\" content=\"800\" \/>\n\t<meta property=\"og:image:height\" content=\"627\" \/>\n\t<meta property=\"og:image:type\" content=\"image\/jpeg\" \/>\n<meta name=\"twitter:card\" content=\"summary_large_image\" \/>\n<meta name=\"twitter:label1\" content=\"\u01af\u1edbc t\u00ednh th\u1eddi gian \u0111\u1ecdc\" \/>\n\t<meta name=\"twitter:data1\" content=\"4 ph\u00fat\" \/>\n<script type=\"application\/ld+json\" class=\"yoast-schema-graph\">{\"@context\":\"https:\/\/schema.org\",\"@graph\":[{\"@type\":\"WebPage\",\"@id\":\"https:\/\/gbm.com.vn\/?product=duong-moi-moc-tam-ngan-ngua-nut-ne-va-tham-moi\",\"url\":\"https:\/\/gbm.com.vn\/?product=duong-moi-moc-tam-ngan-ngua-nut-ne-va-tham-moi\",\"name\":\"D\u01b0\u1ee1ng m\u00f4i M\u1ed9c T\u00e2m \u2013 Ng\u0103n ng\u1eeba n\u1ee9t n\u1ebb v\u00e0 th\u00e2m m\u00f4i - gbm.com.vn\",\"isPartOf\":{\"@id\":\"https:\/\/gbm.com.vn\/#website\"},\"primaryImageOfPage\":{\"@id\":\"https:\/\/gbm.com.vn\/?product=duong-moi-moc-tam-ngan-ngua-nut-ne-va-tham-moi#primaryimage\"},\"image\":{\"@id\":\"https:\/\/gbm.com.vn\/?product=duong-moi-moc-tam-ngan-ngua-nut-ne-va-tham-moi#primaryimage\"},\"thumbnailUrl\":\"https:\/\/gbm.com.vn\/wp-content\/uploads\/2022\/04\/duong-moi-moc-tam-8.jpg\",\"datePublished\":\"2022-04-10T01:46:13+00:00\",\"dateModified\":\"2022-04-10T01:46:13+00:00\",\"description\":\"D\u01af\u1ee0NG M\u00d4I M\u1ed8C T\u00c2M\u00a0l\u00e0 s\u1ea3n ph\u1ea9m D\u01b0\u1ee1ng m\u00f4i \u0111\u01b0\u1ee3c chi\u1ebft xu\u1ea5t t\u1eeb ngu\u1ed3n g\u1ed1c thi\u00ean nhi\u00ean, v\u00f4 c\u00f9ng an to\u00e0n v\u00e0 l\u00e0nh t\u00ednh cho m\u00f4i.\",\"breadcrumb\":{\"@id\":\"https:\/\/gbm.com.vn\/?product=duong-moi-moc-tam-ngan-ngua-nut-ne-va-tham-moi#breadcrumb\"},\"inLanguage\":\"vi\",\"potentialAction\":[{\"@type\":\"ReadAction\",\"target\":[\"https:\/\/gbm.com.vn\/?product=duong-moi-moc-tam-ngan-ngua-nut-ne-va-tham-moi\"]}]},{\"@type\":\"ImageObject\",\"inLanguage\":\"vi\",\"@id\":\"https:\/\/gbm.com.vn\/?product=duong-moi-moc-tam-ngan-ngua-nut-ne-va-tham-moi#primaryimage\",\"url\":\"https:\/\/gbm.com.vn\/wp-content\/uploads\/2022\/04\/duong-moi-moc-tam-8.jpg\",\"contentUrl\":\"https:\/\/gbm.com.vn\/wp-content\/uploads\/2022\/04\/duong-moi-moc-tam-8.jpg\",\"width\":800,\"height\":627,\"caption\":\"D\u01b0\u1ee1ng m\u00f4i M\u1ed9c T\u00e2m\"},{\"@type\":\"BreadcrumbList\",\"@id\":\"https:\/\/gbm.com.vn\/?product=duong-moi-moc-tam-ngan-ngua-nut-ne-va-tham-moi#breadcrumb\",\"itemListElement\":[{\"@type\":\"ListItem\",\"position\":1,\"name\":\"Trang ch\u1ee7\",\"item\":\"https:\/\/gbm.com.vn\/\"},{\"@type\":\"ListItem\",\"position\":2,\"name\":\"Shop\",\"item\":\"https:\/\/gbm.com.vn\/?page_id=8\"},{\"@type\":\"ListItem\",\"position\":3,\"name\":\"D\u01b0\u1ee1ng m\u00f4i M\u1ed9c T\u00e2m \u2013 Ng\u0103n ng\u1eeba n\u1ee9t n\u1ebb v\u00e0 th\u00e2m m\u00f4i\"}]},{\"@type\":\"WebSite\",\"@id\":\"https:\/\/gbm.com.vn\/#website\",\"url\":\"https:\/\/gbm.com.vn\/\",\"name\":\"gbm.com.vn\",\"description\":\"GBM Official Website\",\"publisher\":{\"@id\":\"https:\/\/gbm.com.vn\/#\/schema\/person\/30083509a9d7bd3453b90d3952e16bb1\"},\"potentialAction\":[{\"@type\":\"SearchAction\",\"target\":{\"@type\":\"EntryPoint\",\"urlTemplate\":\"https:\/\/gbm.com.vn\/?s={search_term_string}\"},\"query-input\":\"required name=search_term_string\"}],\"inLanguage\":\"vi\"},{\"@type\":[\"Person\",\"Organization\"],\"@id\":\"https:\/\/gbm.com.vn\/#\/schema\/person\/30083509a9d7bd3453b90d3952e16bb1\",\"name\":\"adgbmpro\",\"image\":{\"@type\":\"ImageObject\",\"inLanguage\":\"vi\",\"@id\":\"https:\/\/gbm.com.vn\/#\/schema\/person\/image\/\",\"url\":\"https:\/\/gbm.com.vn\/wp-content\/uploads\/2021\/11\/logo-GBM.png\",\"contentUrl\":\"https:\/\/gbm.com.vn\/wp-content\/uploads\/2021\/11\/logo-GBM.png\",\"width\":111,\"height\":111,\"caption\":\"adgbmpro\"},\"logo\":{\"@id\":\"https:\/\/gbm.com.vn\/#\/schema\/person\/image\/\"},\"sameAs\":[\"https:\/\/gbm.com.vn\"]}]}<\/script>\n<!-- \/ Yoast SEO plugin. -->","yoast_head_json":{"title":"D\u01b0\u1ee1ng m\u00f4i M\u1ed9c T\u00e2m \u2013 Ng\u0103n ng\u1eeba n\u1ee9t n\u1ebb v\u00e0 th\u00e2m m\u00f4i - gbm.com.vn","description":"D\u01af\u1ee0NG M\u00d4I M\u1ed8C T\u00c2M\u00a0l\u00e0 s\u1ea3n ph\u1ea9m D\u01b0\u1ee1ng m\u00f4i \u0111\u01b0\u1ee3c chi\u1ebft xu\u1ea5t t\u1eeb ngu\u1ed3n g\u1ed1c thi\u00ean nhi\u00ean, v\u00f4 c\u00f9ng an to\u00e0n v\u00e0 l\u00e0nh t\u00ednh cho m\u00f4i.","robots":{"index":"index","follow":"follow","max-snippet":"max-snippet:-1","max-image-preview":"max-image-preview:large","max-video-preview":"max-video-preview:-1"},"canonical":"https:\/\/gbm.com.vn\/?product=duong-moi-moc-tam-ngan-ngua-nut-ne-va-tham-moi","og_locale":"vi_VN","og_type":"article","og_title":"D\u01b0\u1ee1ng m\u00f4i M\u1ed9c T\u00e2m \u2013 Ng\u0103n ng\u1eeba n\u1ee9t n\u1ebb v\u00e0 th\u00e2m m\u00f4i - gbm.com.vn","og_description":"D\u01af\u1ee0NG M\u00d4I M\u1ed8C T\u00c2M\u00a0l\u00e0 s\u1ea3n ph\u1ea9m D\u01b0\u1ee1ng m\u00f4i \u0111\u01b0\u1ee3c chi\u1ebft xu\u1ea5t t\u1eeb ngu\u1ed3n g\u1ed1c thi\u00ean nhi\u00ean, v\u00f4 c\u00f9ng an to\u00e0n v\u00e0 l\u00e0nh t\u00ednh cho m\u00f4i.","og_url":"https:\/\/gbm.com.vn\/?product=duong-moi-moc-tam-ngan-ngua-nut-ne-va-tham-moi","og_site_name":"gbm.com.vn","og_image":[{"width":800,"height":627,"url":"https:\/\/gbm.com.vn\/wp-content\/uploads\/2022\/04\/duong-moi-moc-tam-8.jpg","type":"image\/jpeg"}],"twitter_card":"summary_large_image","twitter_misc":{"\u01af\u1edbc t\u00ednh th\u1eddi gian \u0111\u1ecdc":"4 ph\u00fat"},"schema":{"@context":"https:\/\/schema.org","@graph":[{"@type":"WebPage","@id":"https:\/\/gbm.com.vn\/?product=duong-moi-moc-tam-ngan-ngua-nut-ne-va-tham-moi","url":"https:\/\/gbm.com.vn\/?product=duong-moi-moc-tam-ngan-ngua-nut-ne-va-tham-moi","name":"D\u01b0\u1ee1ng m\u00f4i M\u1ed9c T\u00e2m \u2013 Ng\u0103n ng\u1eeba n\u1ee9t n\u1ebb v\u00e0 th\u00e2m m\u00f4i - gbm.com.vn","isPartOf":{"@id":"https:\/\/gbm.com.vn\/#website"},"primaryImageOfPage":{"@id":"https:\/\/gbm.com.vn\/?product=duong-moi-moc-tam-ngan-ngua-nut-ne-va-tham-moi#primaryimage"},"image":{"@id":"https:\/\/gbm.com.vn\/?product=duong-moi-moc-tam-ngan-ngua-nut-ne-va-tham-moi#primaryimage"},"thumbnailUrl":"https:\/\/gbm.com.vn\/wp-content\/uploads\/2022\/04\/duong-moi-moc-tam-8.jpg","datePublished":"2022-04-10T01:46:13+00:00","dateModified":"2022-04-10T01:46:13+00:00","description":"D\u01af\u1ee0NG M\u00d4I M\u1ed8C T\u00c2M\u00a0l\u00e0 s\u1ea3n ph\u1ea9m D\u01b0\u1ee1ng m\u00f4i \u0111\u01b0\u1ee3c chi\u1ebft xu\u1ea5t t\u1eeb ngu\u1ed3n g\u1ed1c thi\u00ean nhi\u00ean, v\u00f4 c\u00f9ng an to\u00e0n v\u00e0 l\u00e0nh t\u00ednh cho m\u00f4i.","breadcrumb":{"@id":"https:\/\/gbm.com.vn\/?product=duong-moi-moc-tam-ngan-ngua-nut-ne-va-tham-moi#breadcrumb"},"inLanguage":"vi","potentialAction":[{"@type":"ReadAction","target":["https:\/\/gbm.com.vn\/?product=duong-moi-moc-tam-ngan-ngua-nut-ne-va-tham-moi"]}]},{"@type":"ImageObject","inLanguage":"vi","@id":"https:\/\/gbm.com.vn\/?product=duong-moi-moc-tam-ngan-ngua-nut-ne-va-tham-moi#primaryimage","url":"https:\/\/gbm.com.vn\/wp-content\/uploads\/2022\/04\/duong-moi-moc-tam-8.jpg","contentUrl":"https:\/\/gbm.com.vn\/wp-content\/uploads\/2022\/04\/duong-moi-moc-tam-8.jpg","width":800,"height":627,"caption":"D\u01b0\u1ee1ng m\u00f4i M\u1ed9c T\u00e2m"},{"@type":"BreadcrumbList","@id":"https:\/\/gbm.com.vn\/?product=duong-moi-moc-tam-ngan-ngua-nut-ne-va-tham-moi#breadcrumb","itemListElement":[{"@type":"ListItem","position":1,"name":"Trang ch\u1ee7","item":"https:\/\/gbm.com.vn\/"},{"@type":"ListItem","position":2,"name":"Shop","item":"https:\/\/gbm.com.vn\/?page_id=8"},{"@type":"ListItem","position":3,"name":"D\u01b0\u1ee1ng m\u00f4i M\u1ed9c T\u00e2m \u2013 Ng\u0103n ng\u1eeba n\u1ee9t n\u1ebb v\u00e0 th\u00e2m m\u00f4i"}]},{"@type":"WebSite","@id":"https:\/\/gbm.com.vn\/#website","url":"https:\/\/gbm.com.vn\/","name":"gbm.com.vn","description":"GBM Official Website","publisher":{"@id":"https:\/\/gbm.com.vn\/#\/schema\/person\/30083509a9d7bd3453b90d3952e16bb1"},"potentialAction":[{"@type":"SearchAction","target":{"@type":"EntryPoint","urlTemplate":"https:\/\/gbm.com.vn\/?s={search_term_string}"},"query-input":"required name=search_term_string"}],"inLanguage":"vi"},{"@type":["Person","Organization"],"@id":"https:\/\/gbm.com.vn\/#\/schema\/person\/30083509a9d7bd3453b90d3952e16bb1","name":"adgbmpro","image":{"@type":"ImageObject","inLanguage":"vi","@id":"https:\/\/gbm.com.vn\/#\/schema\/person\/image\/","url":"https:\/\/gbm.com.vn\/wp-content\/uploads\/2021\/11\/logo-GBM.png","contentUrl":"https:\/\/gbm.com.vn\/wp-content\/uploads\/2021\/11\/logo-GBM.png","width":111,"height":111,"caption":"adgbmpro"},"logo":{"@id":"https:\/\/gbm.com.vn\/#\/schema\/person\/image\/"},"sameAs":["https:\/\/gbm.com.vn"]}]}},"_links":{"self":[{"href":"https:\/\/gbm.com.vn\/index.php?rest_route=\/wp\/v2\/product\/1404","targetHints":{"allow":["GET"]}}],"collection":[{"href":"https:\/\/gbm.com.vn\/index.php?rest_route=\/wp\/v2\/product"}],"about":[{"href":"https:\/\/gbm.com.vn\/index.php?rest_route=\/wp\/v2\/types\/product"}],"wp:featuredmedia":[{"embeddable":true,"href":"https:\/\/gbm.com.vn\/index.php?rest_route=\/wp\/v2\/media\/1405"}],"wp:attachment":[{"href":"https:\/\/gbm.com.vn\/index.php?rest_route=%2Fwp%2Fv2%2Fmedia&parent=1404"}],"wp:term":[{"taxonomy":"product_cat","embeddable":true,"href":"https:\/\/gbm.com.vn\/index.php?rest_route=%2Fwp%2Fv2%2Fproduct_cat&post=1404"},{"taxonomy":"product_tag","embeddable":true,"href":"https:\/\/gbm.com.vn\/index.php?rest_route=%2Fwp%2Fv2%2Fproduct_tag&post=1404"}],"curies":[{"name":"wp","href":"https:\/\/api.w.org\/{rel}","templated":true}]}}