{"id":1406,"date":"2022-04-10T08:49:26","date_gmt":"2022-04-10T01:49:26","guid":{"rendered":"https:\/\/gbm.com.vn\/?post_type=product&#038;p=1406"},"modified":"2022-04-10T08:49:27","modified_gmt":"2022-04-10T01:49:27","slug":"sua-tam-mat-ong-moc-huong-diu-nhe-cho-be","status":"publish","type":"product","link":"https:\/\/gbm.com.vn\/?product=sua-tam-mat-ong-moc-huong-diu-nhe-cho-be","title":{"rendered":"S\u1eefa T\u1eafm M\u1eadt Ong M\u1ed9c H\u01b0\u01a1ng \u2013 D\u1ecbu Nh\u1eb9 Cho B\u00e9"},"content":{"rendered":"<p><strong>S\u1eefa T\u1eafm M\u1eadt Ong M\u1ed9c H\u01b0\u01a1ng\u00a0<\/strong><br \/>\nL\u00e0m s\u1ea1ch da, duy tr\u00ec \u0111\u1ed9 \u1ea9m v\u00e0 s\u1ef1 m\u1ec1m m\u1ea1i cho da b\u00e9. Gi\u00fap l\u00e0m m\u00e1t, d\u1ecbu da khi b\u1ecb m\u1ea9n ng\u1ee9a do r\u00f4m s\u1ea3y.<\/p>\n<p>V\u1edbi l\u00e0n da m\u1ecfng manh v\u00e0 non n\u1edbt c\u1ee7a tr\u1ebb, vi\u1ec7c s\u1eed d\u1ee5ng s\u1eefa t\u1eafm ch\u1ee9a c\u00e1c th\u00e0nh ph\u1ea7n l\u00e0m s\u1ea1ch d\u1ecbu nh\u1eb9 v\u1edbi ngu\u1ed3n g\u1ed1c t\u1eeb th\u1ea3o m\u1ed9c t\u1ef1 nhi\u00ean \u0111\u01b0\u1ee3c c\u00e1c m\u1eb9 y\u00ean t\u00e2m \u201cch\u1ecdn m\u1eb7t g\u1eedi v\u00e0ng\u201d h\u01a1n c\u1ea3. Thay v\u00ec t\u1eafm cho b\u00e9 b\u1eb1ng n\u01b0\u1edbc l\u00e1 nh\u01b0 d\u00e2n gian tr\u01b0\u1edbc \u0111\u00e2y, v\u1edbi c\u00f4ng \u0111o\u1ea1n chu\u1ea9n b\u1ecb ph\u1ee9c t\u1ea1p, m\u1ea5t nhi\u1ec1u th\u1eddi gian; th\u00ec hi\u1ec7n nay, s\u1eefa t\u1eafm th\u1ea3o m\u1ed9c thi\u00ean nhi\u00ean ra \u0111\u1eddi v\u1eeba ti\u1ec7n l\u1ee3i, ti\u1ebft ki\u1ec7m \u0111\u01b0\u1ee3c th\u1eddi gian, c\u00f4ng s\u1ee9c c\u1ee7a m\u1eb9, v\u1eeba gi\u00fap l\u00e0m s\u1ea1ch v\u00e0 ch\u0103m s\u00f3c cho da b\u00e9 y\u00eau hi\u1ec7u qu\u1ea3.<\/p>\n<p>Th\u1ea5u hi\u1ec3u mong mu\u1ed1n c\u1ee7a c\u00e1c m\u1eb9, M\u1ed9c T\u00e2m \u0111\u00e3 cho ra \u0111\u1eddi s\u1ea3n ph\u1ea9m S\u1eefa T\u1eafm M\u1eadt Ong M\u1ed9c H\u01b0\u01a1ng d\u00e0nh ri\u00eang cho c\u00e1c b\u00e9 y\u00eau.<\/p>\n<div id=\"attachment_2562\" class=\"wp-caption aligncenter\"><img loading=\"lazy\" decoding=\"async\" class=\"wp-image-2562 size-full\" title=\"S\u1eefa t\u1eafm M\u1eadt Ong M\u1ed9c H\u01b0\u01a1ng gi\u00fap l\u00e0m s\u1ea1ch da, duy tr\u00ec \u0111\u1ed9 \u1ea9m v\u00e0 s\u1ef1 m\u1ec1m m\u1ea1i cho da b\u00e9\" src=\"https:\/\/moctam.vn\/wp-content\/uploads\/2021\/04\/sua-tam-tre-em-mat-ong-14.jpg\" sizes=\"auto, (max-width: 720px) 100vw, 720px\" srcset=\"https:\/\/moctam.vn\/wp-content\/uploads\/2021\/04\/sua-tam-tre-em-mat-ong-14.jpg 720w, https:\/\/moctam.vn\/wp-content\/uploads\/2021\/04\/sua-tam-tre-em-mat-ong-14-600x600.jpg 600w, https:\/\/moctam.vn\/wp-content\/uploads\/2021\/04\/sua-tam-tre-em-mat-ong-14-300x300.jpg 300w, https:\/\/moctam.vn\/wp-content\/uploads\/2021\/04\/sua-tam-tre-em-mat-ong-14-150x150.jpg 150w\" alt=\"S\u1eefa t\u1eafm M\u1eadt Ong M\u1ed9c H\u01b0\u01a1ng gi\u00fap l\u00e0m s\u1ea1ch da, duy tr\u00ec \u0111\u1ed9 \u1ea9m v\u00e0 s\u1ef1 m\u1ec1m m\u1ea1i cho da b\u00e9\" width=\"720\" height=\"720\" aria-describedby=\"caption-attachment-2562\" \/><\/p>\n<p id=\"caption-attachment-2562\" class=\"wp-caption-text\"><em>\u1ea2nh 1: S\u1eefa t\u1eafm M\u1eadt Ong M\u1ed9c H\u01b0\u01a1ng gi\u00fap l\u00e0m s\u1ea1ch da, duy tr\u00ec \u0111\u1ed9 \u1ea9m v\u00e0 s\u1ef1 m\u1ec1m m\u1ea1i cho da b\u00e9 (Ngu\u1ed3n \u1ea3nh: moctam.vn)<\/em><\/p>\n<\/div>\n<p><b>S\u1eeeA T\u1eaeM M\u1eacT ONG M\u1ed8C H\u01af\u01a0NG\u00a0<\/b>l\u00e0 s\u1ea3n ph\u1ea9m s\u1eefa t\u1eafm tr\u1ebb em \u0111\u01b0\u1ee3c chi\u1ebft xu\u1ea5t t\u1eeb c\u00e1c th\u00e0nh ph\u1ea7n t\u1ef1 nhi\u00ean c\u1ee7a th\u01b0\u01a1ng hi\u1ec7u M\u1ef9 Ph\u1ea9m S\u1ea1ch M\u1ed9c T\u00e2m.<\/p>\n<div id=\"toc_container\" class=\"no_bullets\">\n<p class=\"toc_title\">N\u1ed9i dung\u00a0<span class=\"toc_toggle\">[<a href=\"https:\/\/moctam.vn\/sua-tam-mat-ong-moc-huong\/#\">\u1ea9n<\/a>]<\/span><\/p>\n<ul class=\"toc_list\">\n<li><a href=\"https:\/\/moctam.vn\/sua-tam-mat-ong-moc-huong\/#Cong_Dung\"><span class=\"toc_number toc_depth_1\">1<\/span>\u00a0C\u00f4ng D\u1ee5ng<\/a><\/li>\n<li><a href=\"https:\/\/moctam.vn\/sua-tam-mat-ong-moc-huong\/#Thanh_Phan\"><span class=\"toc_number toc_depth_1\">2<\/span>\u00a0Th\u00e0nh Ph\u1ea7n<\/a><\/li>\n<li><a href=\"https:\/\/moctam.vn\/sua-tam-mat-ong-moc-huong\/#Uu_Diem\"><span class=\"toc_number toc_depth_1\">3<\/span>\u00a0\u01afu \u0110i\u1ec3m<\/a><\/li>\n<li><a href=\"https:\/\/moctam.vn\/sua-tam-mat-ong-moc-huong\/#Video_San_Pham\"><span class=\"toc_number toc_depth_1\">4<\/span>\u00a0Video S\u1ea3n Ph\u1ea9m<\/a><\/li>\n<\/ul>\n<\/div>\n<h2><span id=\"Cong_Dung\"><b>C\u00f4ng D\u1ee5ng<\/b><\/span><\/h2>\n<p>S\u1eefa t\u1eafm M\u1eadt Ong M\u1ed9c H\u01b0\u01a1ng \u0111\u01b0\u1ee3c s\u1eed d\u1ee5ng khi t\u1eafm cho tr\u1ebb em, c\u00f3 t\u00e1c d\u1ee5ng:<\/p>\n<ul>\n<li aria-level=\"1\">L\u00e0m s\u1ea1ch da, ti\u00eau di\u1ec7t v\u00e0 ng\u0103n ng\u1eeba s\u1ef1 xu\u1ea5t hi\u1ec7n c\u1ee7a vi khu\u1ea9n tr\u00ean da b\u00e9.<\/li>\n<li aria-level=\"1\">L\u00e0m m\u1ec1m da, duy tr\u00ec \u0111\u1ed9 \u1ea9m v\u00e0 s\u1ef1 m\u1ec1m m\u1ea1i cho da, mang l\u1ea1i cho b\u00e9 l\u00e0n da h\u1ed3ng h\u00e0o, m\u1ecbn m\u00e0ng v\u00e0 kh\u1ecfe m\u1ea1nh.<\/li>\n<li aria-level=\"1\">T\u1ea1o h\u01b0\u01a1ng th\u01a1m, g\u00f3p ph\u1ea7n xua \u0111u\u1ed5i mu\u1ed7i, c\u00f4n tr\u00f9ng, b\u1ea3o v\u1ec7 l\u00e0n da nh\u1ea1y c\u1ea3m c\u1ee7a b\u00e9.<\/li>\n<li aria-level=\"1\">Gi\u00fap l\u00e0m m\u00e1t, d\u1ecbu da khi b\u00e9 b\u1ecb m\u1ea9n ng\u1ee9a do r\u00f4m s\u1ea3y; ph\u00f2ng ng\u1eeba r\u00f4m s\u1ea3y, h\u0103m ng\u1ee9a, m\u1ee5n nh\u1ecdt v\u00e0 c\u1ea3m l\u1ea1nh cho b\u00e9 hi\u1ec7u qu\u1ea3.<\/li>\n<\/ul>\n<div id=\"attachment_2561\" class=\"wp-caption aligncenter\"><img loading=\"lazy\" decoding=\"async\" class=\"size-full wp-image-2561\" src=\"https:\/\/moctam.vn\/wp-content\/uploads\/2021\/04\/sua-tam-tre-em-mat-ong-13.jpg\" sizes=\"auto, (max-width: 720px) 100vw, 720px\" srcset=\"https:\/\/moctam.vn\/wp-content\/uploads\/2021\/04\/sua-tam-tre-em-mat-ong-13.jpg 720w, https:\/\/moctam.vn\/wp-content\/uploads\/2021\/04\/sua-tam-tre-em-mat-ong-13-600x600.jpg 600w, https:\/\/moctam.vn\/wp-content\/uploads\/2021\/04\/sua-tam-tre-em-mat-ong-13-300x300.jpg 300w, https:\/\/moctam.vn\/wp-content\/uploads\/2021\/04\/sua-tam-tre-em-mat-ong-13-150x150.jpg 150w\" alt=\"S\u1eefa t\u1eafm tr\u1ebb em M\u1eadt Ong\" width=\"720\" height=\"720\" aria-describedby=\"caption-attachment-2561\" \/><\/p>\n<p id=\"caption-attachment-2561\" class=\"wp-caption-text\"><em>\u1ea2nh 2: S\u1eefa t\u1eafm tr\u1ebb em M\u1eadt Ong (Ngu\u1ed3n \u1ea3nh: moctam.vn)<\/em><\/p>\n<\/div>\n<h2><span id=\"Thanh_Phan\"><b>Th\u00e0nh Ph\u1ea7n<\/b><\/span><\/h2>\n<ul>\n<li aria-level=\"1\"><b>M\u1eadt Ong:\u00a0<\/b>gi\u00fap d\u01b0\u1ee1ng \u1ea9m, l\u00e0m d\u1ecbu da, gi\u00fap da b\u00e9 m\u1ec1m m\u1ecbn h\u01a1n.<\/li>\n<li aria-level=\"1\"><b>C\u00e1c lo\u1ea1i Tinh d\u1ea7u Tr\u00e0m gi\u00f3, S\u1ea3 Chanh:\u00a0<\/b>g\u00f3p ph\u1ea7n l\u00e0m s\u1ea1ch da, h\u1ea1n ch\u1ebf m\u1ee5n nh\u1ecdt, r\u00f4m s\u1ea3y, xua \u0111u\u1ed5i c\u00f4n tr\u00f9ng, t\u1ea1o h\u01b0\u01a1ng th\u01a1m d\u1ec5 ch\u1ecbu gi\u00fap da b\u00e9 th\u01b0 gi\u00e3n, tr\u00e1nh gi\u00f3, t\u1eeb \u0111\u00f3 h\u1ea1n ch\u1ebf \u0111\u01b0\u1ee3c b\u1ec7nh ho, c\u1ea3m l\u1ea1nh, s\u1ed5 m\u0169i \u1edf tr\u1ebb em.<\/li>\n<li aria-level=\"1\"><b>C\u00e1c ch\u1ea5t ho\u1ea1t \u0111\u1ed9ng b\u1ec1 m\u1eb7t d\u1ecbu nh\u1eb9, kh\u00f4ng ch\u1ee9a sulfate:<\/b>\u00a0c\u00f3 kh\u1ea3 n\u0103ng l\u00e0m s\u1ea1ch b\u1ee5i b\u1ea9n, b\u00e3 nh\u1eddn tr\u00ean da 1 c\u00e1ch d\u1ecbu nh\u1eb9, an to\u00e0n cho l\u00e0n da em b\u00e9, kh\u00f4ng g\u00e2y k\u00edch \u1ee9ng da.<\/li>\n<\/ul>\n<h2><span id=\"Uu_Diem\"><b>\u01afu \u0110i\u1ec3m<\/b><\/span><\/h2>\n<ul>\n<li aria-level=\"1\">Nh\u1edd c\u00e1c ch\u1ea5t ho\u1ea1t \u0111\u1ed9ng b\u1ec1 m\u1eb7t d\u1ecbu nh\u1eb9, kh\u00f4ng ch\u1ee9a sulfate k\u1ebft h\u1ee3p c\u00f9ng c\u00e1c th\u00e0nh ph\u1ea7n chi\u1ebft xu\u1ea5t t\u1eeb th\u1ea3o m\u1ed9c v\u00e0 tinh d\u1ea7u t\u1ef1 nhi\u00ean, s\u1eefa t\u1eafm M\u1eadt Ong M\u1ed9c H\u01b0\u01a1ng c\u00f3 kh\u1ea3 n\u0103ng l\u00e0m s\u1ea1ch b\u1ee5i b\u1ea9n, b\u00e3 nh\u1eddn tr\u00ean da m\u1ed9t c\u00e1ch d\u1ecbu nh\u1eb9, an to\u00e0n, kh\u00f4ng g\u00e2y k\u00edch \u1ee9ng da v\u00e0 l\u00e0m cay m\u1eaft b\u00e9.<\/li>\n<li aria-level=\"1\">Th\u00e0nh ph\u1ea7n ch\u00ednh l\u00e0 M\u1eadt Ong gi\u00fap d\u01b0\u1ee1ng \u1ea9m cho da b\u00e9 m\u1ec1m m\u1ecbn.\u00a0 \u0110\u1eb7c bi\u1ec7t, tinh d\u1ea7u trong s\u1ea3n ph\u1ea9m gi\u00fap t\u1ea1o h\u01b0\u01a1ng th\u01a1m, g\u00f3p ph\u1ea7n xua \u0111u\u1ed5i mu\u1ed7i, c\u00f4n tr\u00f9ng b\u1ea3o v\u1ec7 l\u00e0n da nh\u1ea1y c\u1ea3m c\u1ee7a b\u00e9. Ngo\u00e0i ra, gi\u00fap ph\u00f2ng ng\u1eeba r\u00f4m s\u1ea3y, h\u0103m ng\u1ee9a, m\u1ee5n nh\u1ecdt v\u00e0 c\u1ea3m l\u1ea1nh cho b\u00e9 hi\u1ec7u qu\u1ea3.<\/li>\n<li aria-level=\"1\">S\u1eefa t\u1eafm c\u00f2n t\u1ea1o c\u1ea3m gi\u00e1c m\u1ec1m m\u1ea1i t\u1ef1 nhi\u00ean v\u00e0 l\u01b0u h\u01b0\u01a1ng nh\u1eb9 nh\u00e0ng tr\u00ean da, gi\u00fap b\u00e9 y\u00eau c\u1ea3m th\u1ea5y d\u1ec5 ch\u1ecbu v\u00e0 s\u1ea3ng kho\u00e1i su\u1ed1t c\u1ea3 ng\u00e0y.<\/li>\n<\/ul>\n","protected":false},"excerpt":{"rendered":"<p><strong>Dung t\u00edch\/Tr\u1ecdng l\u01b0\u1ee3ng:<\/strong>\u00a0150g<\/p>\n<p><strong>D\u1ea1ng s\u1ea3n ph\u1ea9m:<\/strong>\u00a0D\u1ea1ng gel<\/p>\n<p><strong>Xu\u1ea5t x\u1ee9:<\/strong>\u00a0Made in Vietnam<\/p>\n<p><strong>H\u1ea1n s\u1eed d\u1ee5ng:<\/strong>\u00a02.5 n\u0103m k\u1ec3 t\u1eeb ng\u00e0y s\u1ea3n xu\u1ea5t<\/p>\n","protected":false},"featured_media":1407,"template":"","meta":[],"product_cat":[15],"product_tag":[],"class_list":{"0":"post-1406","1":"product","2":"type-product","3":"status-publish","4":"has-post-thumbnail","6":"product_cat-uncategorized","8":"first","9":"instock","10":"shipping-taxable","11":"purchasable","12":"product-type-simple"},"yoast_head":"<!-- This site is optimized with the Yoast SEO plugin v23.0 - https:\/\/yoast.com\/wordpress\/plugins\/seo\/ -->\n<title>S\u1eefa T\u1eafm M\u1eadt Ong M\u1ed9c H\u01b0\u01a1ng \u2013 D\u1ecbu Nh\u1eb9 Cho B\u00e9 - gbm.com.vn<\/title>\n<meta name=\"description\" content=\"S\u1eeeA T\u1eaeM M\u1eacT ONG M\u1ed8C H\u01af\u01a0NG\u00a0l\u00e0 s\u1ea3n ph\u1ea9m s\u1eefa t\u1eafm tr\u1ebb em \u0111\u01b0\u1ee3c chi\u1ebft xu\u1ea5t t\u1eeb c\u00e1c th\u00e0nh ph\u1ea7n t\u1ef1 nhi\u00ean\" \/>\n<meta name=\"robots\" content=\"index, follow, max-snippet:-1, max-image-preview:large, max-video-preview:-1\" \/>\n<link rel=\"canonical\" href=\"https:\/\/gbm.com.vn\/?product=sua-tam-mat-ong-moc-huong-diu-nhe-cho-be\" \/>\n<meta property=\"og:locale\" content=\"vi_VN\" \/>\n<meta property=\"og:type\" content=\"article\" \/>\n<meta property=\"og:title\" content=\"S\u1eefa T\u1eafm M\u1eadt Ong M\u1ed9c H\u01b0\u01a1ng \u2013 D\u1ecbu Nh\u1eb9 Cho B\u00e9 - gbm.com.vn\" \/>\n<meta property=\"og:description\" content=\"S\u1eeeA T\u1eaeM M\u1eacT ONG M\u1ed8C H\u01af\u01a0NG\u00a0l\u00e0 s\u1ea3n ph\u1ea9m s\u1eefa t\u1eafm tr\u1ebb em \u0111\u01b0\u1ee3c chi\u1ebft xu\u1ea5t t\u1eeb c\u00e1c th\u00e0nh ph\u1ea7n t\u1ef1 nhi\u00ean\" \/>\n<meta property=\"og:url\" content=\"https:\/\/gbm.com.vn\/?product=sua-tam-mat-ong-moc-huong-diu-nhe-cho-be\" \/>\n<meta property=\"og:site_name\" content=\"gbm.com.vn\" \/>\n<meta property=\"article:modified_time\" content=\"2022-04-10T01:49:27+00:00\" \/>\n<meta property=\"og:image\" content=\"https:\/\/gbm.com.vn\/wp-content\/uploads\/2022\/04\/sua-tam-tre-em-mat-ong-13.jpg\" \/>\n\t<meta property=\"og:image:width\" content=\"720\" \/>\n\t<meta property=\"og:image:height\" content=\"720\" \/>\n\t<meta property=\"og:image:type\" content=\"image\/jpeg\" \/>\n<meta name=\"twitter:card\" content=\"summary_large_image\" \/>\n<meta name=\"twitter:label1\" content=\"\u01af\u1edbc t\u00ednh th\u1eddi gian \u0111\u1ecdc\" \/>\n\t<meta name=\"twitter:data1\" content=\"4 ph\u00fat\" \/>\n<script type=\"application\/ld+json\" class=\"yoast-schema-graph\">{\"@context\":\"https:\/\/schema.org\",\"@graph\":[{\"@type\":\"WebPage\",\"@id\":\"https:\/\/gbm.com.vn\/?product=sua-tam-mat-ong-moc-huong-diu-nhe-cho-be\",\"url\":\"https:\/\/gbm.com.vn\/?product=sua-tam-mat-ong-moc-huong-diu-nhe-cho-be\",\"name\":\"S\u1eefa T\u1eafm M\u1eadt Ong M\u1ed9c H\u01b0\u01a1ng \u2013 D\u1ecbu Nh\u1eb9 Cho B\u00e9 - gbm.com.vn\",\"isPartOf\":{\"@id\":\"https:\/\/gbm.com.vn\/#website\"},\"primaryImageOfPage\":{\"@id\":\"https:\/\/gbm.com.vn\/?product=sua-tam-mat-ong-moc-huong-diu-nhe-cho-be#primaryimage\"},\"image\":{\"@id\":\"https:\/\/gbm.com.vn\/?product=sua-tam-mat-ong-moc-huong-diu-nhe-cho-be#primaryimage\"},\"thumbnailUrl\":\"https:\/\/gbm.com.vn\/wp-content\/uploads\/2022\/04\/sua-tam-tre-em-mat-ong-13.jpg\",\"datePublished\":\"2022-04-10T01:49:26+00:00\",\"dateModified\":\"2022-04-10T01:49:27+00:00\",\"description\":\"S\u1eeeA T\u1eaeM M\u1eacT ONG M\u1ed8C H\u01af\u01a0NG\u00a0l\u00e0 s\u1ea3n ph\u1ea9m s\u1eefa t\u1eafm tr\u1ebb em \u0111\u01b0\u1ee3c chi\u1ebft xu\u1ea5t t\u1eeb c\u00e1c th\u00e0nh ph\u1ea7n t\u1ef1 nhi\u00ean\",\"breadcrumb\":{\"@id\":\"https:\/\/gbm.com.vn\/?product=sua-tam-mat-ong-moc-huong-diu-nhe-cho-be#breadcrumb\"},\"inLanguage\":\"vi\",\"potentialAction\":[{\"@type\":\"ReadAction\",\"target\":[\"https:\/\/gbm.com.vn\/?product=sua-tam-mat-ong-moc-huong-diu-nhe-cho-be\"]}]},{\"@type\":\"ImageObject\",\"inLanguage\":\"vi\",\"@id\":\"https:\/\/gbm.com.vn\/?product=sua-tam-mat-ong-moc-huong-diu-nhe-cho-be#primaryimage\",\"url\":\"https:\/\/gbm.com.vn\/wp-content\/uploads\/2022\/04\/sua-tam-tre-em-mat-ong-13.jpg\",\"contentUrl\":\"https:\/\/gbm.com.vn\/wp-content\/uploads\/2022\/04\/sua-tam-tre-em-mat-ong-13.jpg\",\"width\":720,\"height\":720,\"caption\":\"S\u1eefa t\u1eafm tr\u1ebb em M\u1eadt Ong\"},{\"@type\":\"BreadcrumbList\",\"@id\":\"https:\/\/gbm.com.vn\/?product=sua-tam-mat-ong-moc-huong-diu-nhe-cho-be#breadcrumb\",\"itemListElement\":[{\"@type\":\"ListItem\",\"position\":1,\"name\":\"Trang ch\u1ee7\",\"item\":\"https:\/\/gbm.com.vn\/\"},{\"@type\":\"ListItem\",\"position\":2,\"name\":\"Shop\",\"item\":\"https:\/\/gbm.com.vn\/?page_id=8\"},{\"@type\":\"ListItem\",\"position\":3,\"name\":\"S\u1eefa T\u1eafm M\u1eadt Ong M\u1ed9c H\u01b0\u01a1ng \u2013 D\u1ecbu Nh\u1eb9 Cho B\u00e9\"}]},{\"@type\":\"WebSite\",\"@id\":\"https:\/\/gbm.com.vn\/#website\",\"url\":\"https:\/\/gbm.com.vn\/\",\"name\":\"gbm.com.vn\",\"description\":\"GBM Official Website\",\"publisher\":{\"@id\":\"https:\/\/gbm.com.vn\/#\/schema\/person\/30083509a9d7bd3453b90d3952e16bb1\"},\"potentialAction\":[{\"@type\":\"SearchAction\",\"target\":{\"@type\":\"EntryPoint\",\"urlTemplate\":\"https:\/\/gbm.com.vn\/?s={search_term_string}\"},\"query-input\":\"required name=search_term_string\"}],\"inLanguage\":\"vi\"},{\"@type\":[\"Person\",\"Organization\"],\"@id\":\"https:\/\/gbm.com.vn\/#\/schema\/person\/30083509a9d7bd3453b90d3952e16bb1\",\"name\":\"adgbmpro\",\"image\":{\"@type\":\"ImageObject\",\"inLanguage\":\"vi\",\"@id\":\"https:\/\/gbm.com.vn\/#\/schema\/person\/image\/\",\"url\":\"https:\/\/gbm.com.vn\/wp-content\/uploads\/2021\/11\/logo-GBM.png\",\"contentUrl\":\"https:\/\/gbm.com.vn\/wp-content\/uploads\/2021\/11\/logo-GBM.png\",\"width\":111,\"height\":111,\"caption\":\"adgbmpro\"},\"logo\":{\"@id\":\"https:\/\/gbm.com.vn\/#\/schema\/person\/image\/\"},\"sameAs\":[\"https:\/\/gbm.com.vn\"]}]}<\/script>\n<!-- \/ Yoast SEO plugin. -->","yoast_head_json":{"title":"S\u1eefa T\u1eafm M\u1eadt Ong M\u1ed9c H\u01b0\u01a1ng \u2013 D\u1ecbu Nh\u1eb9 Cho B\u00e9 - gbm.com.vn","description":"S\u1eeeA T\u1eaeM M\u1eacT ONG M\u1ed8C H\u01af\u01a0NG\u00a0l\u00e0 s\u1ea3n ph\u1ea9m s\u1eefa t\u1eafm tr\u1ebb em \u0111\u01b0\u1ee3c chi\u1ebft xu\u1ea5t t\u1eeb c\u00e1c th\u00e0nh ph\u1ea7n t\u1ef1 nhi\u00ean","robots":{"index":"index","follow":"follow","max-snippet":"max-snippet:-1","max-image-preview":"max-image-preview:large","max-video-preview":"max-video-preview:-1"},"canonical":"https:\/\/gbm.com.vn\/?product=sua-tam-mat-ong-moc-huong-diu-nhe-cho-be","og_locale":"vi_VN","og_type":"article","og_title":"S\u1eefa T\u1eafm M\u1eadt Ong M\u1ed9c H\u01b0\u01a1ng \u2013 D\u1ecbu Nh\u1eb9 Cho B\u00e9 - gbm.com.vn","og_description":"S\u1eeeA T\u1eaeM M\u1eacT ONG M\u1ed8C H\u01af\u01a0NG\u00a0l\u00e0 s\u1ea3n ph\u1ea9m s\u1eefa t\u1eafm tr\u1ebb em \u0111\u01b0\u1ee3c chi\u1ebft xu\u1ea5t t\u1eeb c\u00e1c th\u00e0nh ph\u1ea7n t\u1ef1 nhi\u00ean","og_url":"https:\/\/gbm.com.vn\/?product=sua-tam-mat-ong-moc-huong-diu-nhe-cho-be","og_site_name":"gbm.com.vn","article_modified_time":"2022-04-10T01:49:27+00:00","og_image":[{"width":720,"height":720,"url":"https:\/\/gbm.com.vn\/wp-content\/uploads\/2022\/04\/sua-tam-tre-em-mat-ong-13.jpg","type":"image\/jpeg"}],"twitter_card":"summary_large_image","twitter_misc":{"\u01af\u1edbc t\u00ednh th\u1eddi gian \u0111\u1ecdc":"4 ph\u00fat"},"schema":{"@context":"https:\/\/schema.org","@graph":[{"@type":"WebPage","@id":"https:\/\/gbm.com.vn\/?product=sua-tam-mat-ong-moc-huong-diu-nhe-cho-be","url":"https:\/\/gbm.com.vn\/?product=sua-tam-mat-ong-moc-huong-diu-nhe-cho-be","name":"S\u1eefa T\u1eafm M\u1eadt Ong M\u1ed9c H\u01b0\u01a1ng \u2013 D\u1ecbu Nh\u1eb9 Cho B\u00e9 - gbm.com.vn","isPartOf":{"@id":"https:\/\/gbm.com.vn\/#website"},"primaryImageOfPage":{"@id":"https:\/\/gbm.com.vn\/?product=sua-tam-mat-ong-moc-huong-diu-nhe-cho-be#primaryimage"},"image":{"@id":"https:\/\/gbm.com.vn\/?product=sua-tam-mat-ong-moc-huong-diu-nhe-cho-be#primaryimage"},"thumbnailUrl":"https:\/\/gbm.com.vn\/wp-content\/uploads\/2022\/04\/sua-tam-tre-em-mat-ong-13.jpg","datePublished":"2022-04-10T01:49:26+00:00","dateModified":"2022-04-10T01:49:27+00:00","description":"S\u1eeeA T\u1eaeM M\u1eacT ONG M\u1ed8C H\u01af\u01a0NG\u00a0l\u00e0 s\u1ea3n ph\u1ea9m s\u1eefa t\u1eafm tr\u1ebb em \u0111\u01b0\u1ee3c chi\u1ebft xu\u1ea5t t\u1eeb c\u00e1c th\u00e0nh ph\u1ea7n t\u1ef1 nhi\u00ean","breadcrumb":{"@id":"https:\/\/gbm.com.vn\/?product=sua-tam-mat-ong-moc-huong-diu-nhe-cho-be#breadcrumb"},"inLanguage":"vi","potentialAction":[{"@type":"ReadAction","target":["https:\/\/gbm.com.vn\/?product=sua-tam-mat-ong-moc-huong-diu-nhe-cho-be"]}]},{"@type":"ImageObject","inLanguage":"vi","@id":"https:\/\/gbm.com.vn\/?product=sua-tam-mat-ong-moc-huong-diu-nhe-cho-be#primaryimage","url":"https:\/\/gbm.com.vn\/wp-content\/uploads\/2022\/04\/sua-tam-tre-em-mat-ong-13.jpg","contentUrl":"https:\/\/gbm.com.vn\/wp-content\/uploads\/2022\/04\/sua-tam-tre-em-mat-ong-13.jpg","width":720,"height":720,"caption":"S\u1eefa t\u1eafm tr\u1ebb em M\u1eadt Ong"},{"@type":"BreadcrumbList","@id":"https:\/\/gbm.com.vn\/?product=sua-tam-mat-ong-moc-huong-diu-nhe-cho-be#breadcrumb","itemListElement":[{"@type":"ListItem","position":1,"name":"Trang ch\u1ee7","item":"https:\/\/gbm.com.vn\/"},{"@type":"ListItem","position":2,"name":"Shop","item":"https:\/\/gbm.com.vn\/?page_id=8"},{"@type":"ListItem","position":3,"name":"S\u1eefa T\u1eafm M\u1eadt Ong M\u1ed9c H\u01b0\u01a1ng \u2013 D\u1ecbu Nh\u1eb9 Cho B\u00e9"}]},{"@type":"WebSite","@id":"https:\/\/gbm.com.vn\/#website","url":"https:\/\/gbm.com.vn\/","name":"gbm.com.vn","description":"GBM Official Website","publisher":{"@id":"https:\/\/gbm.com.vn\/#\/schema\/person\/30083509a9d7bd3453b90d3952e16bb1"},"potentialAction":[{"@type":"SearchAction","target":{"@type":"EntryPoint","urlTemplate":"https:\/\/gbm.com.vn\/?s={search_term_string}"},"query-input":"required name=search_term_string"}],"inLanguage":"vi"},{"@type":["Person","Organization"],"@id":"https:\/\/gbm.com.vn\/#\/schema\/person\/30083509a9d7bd3453b90d3952e16bb1","name":"adgbmpro","image":{"@type":"ImageObject","inLanguage":"vi","@id":"https:\/\/gbm.com.vn\/#\/schema\/person\/image\/","url":"https:\/\/gbm.com.vn\/wp-content\/uploads\/2021\/11\/logo-GBM.png","contentUrl":"https:\/\/gbm.com.vn\/wp-content\/uploads\/2021\/11\/logo-GBM.png","width":111,"height":111,"caption":"adgbmpro"},"logo":{"@id":"https:\/\/gbm.com.vn\/#\/schema\/person\/image\/"},"sameAs":["https:\/\/gbm.com.vn"]}]}},"_links":{"self":[{"href":"https:\/\/gbm.com.vn\/index.php?rest_route=\/wp\/v2\/product\/1406","targetHints":{"allow":["GET"]}}],"collection":[{"href":"https:\/\/gbm.com.vn\/index.php?rest_route=\/wp\/v2\/product"}],"about":[{"href":"https:\/\/gbm.com.vn\/index.php?rest_route=\/wp\/v2\/types\/product"}],"wp:featuredmedia":[{"embeddable":true,"href":"https:\/\/gbm.com.vn\/index.php?rest_route=\/wp\/v2\/media\/1407"}],"wp:attachment":[{"href":"https:\/\/gbm.com.vn\/index.php?rest_route=%2Fwp%2Fv2%2Fmedia&parent=1406"}],"wp:term":[{"taxonomy":"product_cat","embeddable":true,"href":"https:\/\/gbm.com.vn\/index.php?rest_route=%2Fwp%2Fv2%2Fproduct_cat&post=1406"},{"taxonomy":"product_tag","embeddable":true,"href":"https:\/\/gbm.com.vn\/index.php?rest_route=%2Fwp%2Fv2%2Fproduct_tag&post=1406"}],"curies":[{"name":"wp","href":"https:\/\/api.w.org\/{rel}","templated":true}]}}