{"id":1417,"date":"2024-06-27T15:48:56","date_gmt":"2024-06-27T08:48:56","guid":{"rendered":"https:\/\/gbm.com.vn\/?post_type=product&#038;p=1417"},"modified":"2024-06-27T15:53:02","modified_gmt":"2024-06-27T08:53:02","slug":"mcare-sun-cream-spf65-pa-kem-chong-nang-vat-ly","status":"publish","type":"product","link":"https:\/\/gbm.com.vn\/?product=mcare-sun-cream-spf65-pa-kem-chong-nang-vat-ly","title":{"rendered":"Mcare \u2013 Sun Cream SPF65 PA+++ &#8211; Kem Ch\u1ed1ng N\u1eafng V\u1eadt L\u00fd"},"content":{"rendered":"<h2 class=\"product-title breakall\">Gi\u1edbi thi\u1ec7u Mcare\u00a0 Sun Cream SPF 65 PA+++ &#8211; Kem Ch\u1ed1ng N\u1eafng V\u1eadt L\u00fd<\/h2>\n<p>&#8211; Ch\u1ec9 s\u1ed1 SPF 65: l\u00e0 t\u1ef7 l\u1ec7 ch\u1ed1ng tia UVB l\u00e0 98.5%, th\u1eddi gian t\u00e1c d\u1ee5ng khi s\u1eed d\u1ee5ng tr\u00ean da l\u00e0 650 ph\u00fat (10h50p)<br \/>\n&#8211; Ch\u1ec9 s\u1ed1 PA+++: c\u00f3 th\u1ec3 ch\u1ed1ng l\u1ea1i 90% tia UVA.<\/p>\n<ul>\n<li><strong>C\u00d4NG D\u1ee4NG:<br \/>\n<\/strong>Ch\u1ed1ng t\u00e1c h\u1ea1i c\u1ee7a \u00e1nh s\u00e1ng m\u1eb7t tr\u1eddi, ch\u1ed1ng tia UVA, UVB, \u0111\u1ed3ng th\u1eddi k\u1ebft h\u1ee3p c\u1ea5p \u1ea9m, l\u00e0m s\u00e1ng, l\u00e0m d\u1ecbu da, gi\u00fap ng\u0103n ng\u1eeba l\u00e3o h\u00f3a da.<\/li>\n<li><strong>TH\u00c0NH PH\u1ea6N:<br \/>\n<\/strong>Water, Cyclopentasiloxane, Ethylhexyl Methoxycinnamate, Dimethicone, Titanium Dioxide, Hydrogenated Polydecene, Lauryl PEG-10 Tris(Trimethylsiloxy)Silylethyl Dimethicone, Glycerin, Zinc Oxide, Silica, Dimethicone\/Vinyl Dimethicone Crosspolymer, Methylene Bis-Benzotriazolyl Tetramethylbutylphenol, Oryza Sativa (Rice) Extract, Hydrolyzed Collagen, Panax Ginseng Root Extract, Rehmannia Chinensis Root Extract, Artemisia Vulgaris Extract, Poria Cocos Extract, Honey Extract, Glycyrrhiza Glabra (Licorice) Root Extract, Cnidium Officinale Root Extract, Angelica Gigas Root Extract, Cornus Officinalis Fruit Extract, Phenoxyethanol, Aluminum Hydroxide, Stearic Acid, Quaternium-18 Bentonite, Panthenol, Tocopheryl Acetate, Decyl Glucoside, Disodium EDTA, Fragrance, Ethylhexylglycerin, Dimethicone\/Methicone Copolymer, Propylene Glycol, Xanthan Gum.<\/li>\n<li><strong>C\u00c1CH D\u00d9NG:<\/strong><br \/>\nS\u1eed d\u1ee5ng kem ch\u1ed1ng n\u1eafng sau khi th\u1ef1c hi\u1ec7n c\u00e1c b\u01b0\u1edbc d\u01b0\u1ee1ng da (nh\u01b0 kem d\u01b0\u1ee1ng, serum&#8230;)<br \/>\n+ C\u00e1ch 1: T\u1ea9y trang \u2013 B\u00f4i kem d\u01b0\u1ee1ng \u2013 Thoa kem ch\u1ed1ng n\u1eafng<br \/>\n+ C\u00e1ch 2: D\u00f9ng Toner l\u00e0m s\u1ea1ch \u2013 Thoa kem ch\u1ed1ng n\u1eafng<br \/>\n+ C\u00e1ch 3: X\u1ecbt kho\u00e1ng \u2013 Thoa kem ch\u1ed1ng n\u1eafng<br \/>\n&#8211; Thoa kem ch\u1ed1ng n\u1eafng v\u00f9ng da c\u1ea7n b\u1ea3o v\u1ec7.<br \/>\n&#8211; S\u1eed d\u1ee5ng s\u1ea3n ph\u1ea9m v\u00e0o ban ng\u00e0y, tr\u01b0\u1edbc khi ra ngo\u00e0i 30 ph\u00fat.<\/li>\n<li><strong>L\u01afU \u00dd:<br \/>\n<\/strong>K\u1ebft\u00a0 h\u1ee3p v\u1edbi c\u00e1c bi\u1ec7n ph\u00e1p ch\u1ed1ng n\u1eafng v\u00e0 b\u1ea3o v\u1ec7 da. Kh\u00f4ng d\u00f9ng cho ng\u01b0\u1eddi nh\u1ea1y c\u1ea3m v\u00e0 th\u00e0nh ph\u1ea7n c\u1ee7a s\u1ea3n ph\u1ea9m.<\/li>\n<li><strong>B\u1ea2O QU\u1ea2N:<\/strong><br \/>\nB\u1ea3o qu\u1ea3n n\u01a1i kh\u00f4 r\u00e1o tho\u00e1ng m\u00e1t, tr\u00e1nh nhi\u1ec7t \u0111\u1ed9 cao.<\/li>\n<li><strong>TH\u00d4NG S\u1ed0:<\/strong><br \/>\nDung t\u00edch\/Tr\u1ecdng l\u01b0\u1ee3ng: 50 g<br \/>\nHSD: 2 n\u0103m, K\u1ec3 t\u1eeb ng\u00e0y s\u1ea3n xu\u1ea5t.<\/li>\n<li><strong>PH\u00c2N PH\u1ed0I V\u00c0 CH\u1ecaU TR\u00c1CH NHI\u1ec6M B\u1edeI:<br \/>\n<\/strong>C\u00d4NG TY TNHH GREEN BEAUTY MATERIAL<br \/>\n\u0110\u1ecba ch\u1ec9 1556\/3D Qu\u1ed1c L\u1ed9 1A Khu Ph\u1ed1 3, Ph\u01b0\u1eddng An Ph\u00fa \u0110\u00f4ng, Qu\u1eadn 12, Th\u00e0nh ph\u1ed1 H\u1ed3 Ch\u00ed Minh, Vi\u1ec7t Nam<br \/>\nHotline: 096 623 6302\u00a0 \u00a0 \u00a0 \u00a0 \u00a0 \u00a0 \u00a0 \u00a0 \u00a0 \u00a0 \u00a0 \u00a0 \u00a0 \u00a0 \u00a0 \u00a0 \u00a0 \u00a0 \u00a0 \u00a0 \u00a0 \u00a0 \u00a0 \u00a0 \u00a0 Web: gbm.com.vn<\/li>\n<\/ul>\n","protected":false},"excerpt":{"rendered":"<p>Dung t\u00edch\/ Tr\u1ecdng l\u01b0\u1ee3ng: 50 gr.<\/p>\n<p>Xu\u1ea5t x\u1ee9: Vi\u1ec7t Nam<\/p>\n","protected":false},"featured_media":1422,"template":"","meta":[],"product_cat":[105],"product_tag":[118,119,117],"class_list":{"0":"post-1417","1":"product","2":"type-product","3":"status-publish","4":"has-post-thumbnail","6":"product_cat-body-care","7":"product_tag-kem-chong-nang","8":"product_tag-kem-chong-nang-mcare","9":"product_tag-kem-chong-nang-sun-cream","11":"first","12":"instock","13":"shipping-taxable","14":"product-type-simple"},"yoast_head":"<!-- This site is optimized with the Yoast SEO plugin v23.0 - https:\/\/yoast.com\/wordpress\/plugins\/seo\/ -->\n<title>Mcare \u2013 Sun Cream SPF65 PA+++ - Kem Ch\u1ed1ng N\u1eafng V\u1eadt L\u00fd - gbm.com.vn<\/title>\n<meta name=\"description\" content=\"Dung t\u00edch\/ Tr\u1ecdng l\u01b0\u1ee3ng: 50 gr. C\u00f4ng d\u1ee5ng: Ch\u1ed1ng t\u00e1c h\u1ea1i c\u1ee7a \u00e1nh s\u00e1ng m\u1eb7t tr\u1eddi, ch\u1ed1ng tia UVA, UVB, \u0111\u1ed3ng th\u1eddi k\u1ebft h\u1ee3p c\u1ea5p \u1ea9m, l\u00e0m s\u00e1ng, l\u00e0m d\u1ecbu da, gi\u00fap ng\u0103n ng\u1eeba l\u00e3o h\u00f3a da. Xu\u1ea5t x\u1ee9: Vi\u1ec7t Nam\" \/>\n<meta name=\"robots\" content=\"index, follow, max-snippet:-1, max-image-preview:large, max-video-preview:-1\" \/>\n<link rel=\"canonical\" href=\"https:\/\/gbm.com.vn\/?product=mcare-sun-cream-spf65-pa-kem-chong-nang-vat-ly\" \/>\n<meta property=\"og:locale\" content=\"vi_VN\" \/>\n<meta property=\"og:type\" content=\"article\" \/>\n<meta property=\"og:title\" content=\"Mcare \u2013 Sun Cream SPF65 PA+++ - Kem Ch\u1ed1ng N\u1eafng V\u1eadt L\u00fd - gbm.com.vn\" \/>\n<meta property=\"og:description\" content=\"Dung t\u00edch\/ Tr\u1ecdng l\u01b0\u1ee3ng: 50 gr. C\u00f4ng d\u1ee5ng: Ch\u1ed1ng t\u00e1c h\u1ea1i c\u1ee7a \u00e1nh s\u00e1ng m\u1eb7t tr\u1eddi, ch\u1ed1ng tia UVA, UVB, \u0111\u1ed3ng th\u1eddi k\u1ebft h\u1ee3p c\u1ea5p \u1ea9m, l\u00e0m s\u00e1ng, l\u00e0m d\u1ecbu da, gi\u00fap ng\u0103n ng\u1eeba l\u00e3o h\u00f3a da. Xu\u1ea5t x\u1ee9: Vi\u1ec7t Nam\" \/>\n<meta property=\"og:url\" content=\"https:\/\/gbm.com.vn\/?product=mcare-sun-cream-spf65-pa-kem-chong-nang-vat-ly\" \/>\n<meta property=\"og:site_name\" content=\"gbm.com.vn\" \/>\n<meta property=\"article:modified_time\" content=\"2024-06-27T08:53:02+00:00\" \/>\n<meta property=\"og:image\" content=\"https:\/\/gbm.com.vn\/wp-content\/uploads\/2024\/06\/anh-bia-sun-cream-scaled.jpg\" \/>\n\t<meta property=\"og:image:width\" content=\"1707\" \/>\n\t<meta property=\"og:image:height\" content=\"2560\" \/>\n\t<meta property=\"og:image:type\" content=\"image\/jpeg\" \/>\n<meta name=\"twitter:card\" content=\"summary_large_image\" \/>\n<meta name=\"twitter:label1\" content=\"\u01af\u1edbc t\u00ednh th\u1eddi gian \u0111\u1ecdc\" \/>\n\t<meta name=\"twitter:data1\" content=\"3 ph\u00fat\" \/>\n<script type=\"application\/ld+json\" class=\"yoast-schema-graph\">{\"@context\":\"https:\/\/schema.org\",\"@graph\":[{\"@type\":\"WebPage\",\"@id\":\"https:\/\/gbm.com.vn\/?product=mcare-sun-cream-spf65-pa-kem-chong-nang-vat-ly\",\"url\":\"https:\/\/gbm.com.vn\/?product=mcare-sun-cream-spf65-pa-kem-chong-nang-vat-ly\",\"name\":\"Mcare \u2013 Sun Cream SPF65 PA+++ - Kem Ch\u1ed1ng N\u1eafng V\u1eadt L\u00fd - gbm.com.vn\",\"isPartOf\":{\"@id\":\"https:\/\/gbm.com.vn\/#website\"},\"primaryImageOfPage\":{\"@id\":\"https:\/\/gbm.com.vn\/?product=mcare-sun-cream-spf65-pa-kem-chong-nang-vat-ly#primaryimage\"},\"image\":{\"@id\":\"https:\/\/gbm.com.vn\/?product=mcare-sun-cream-spf65-pa-kem-chong-nang-vat-ly#primaryimage\"},\"thumbnailUrl\":\"https:\/\/gbm.com.vn\/wp-content\/uploads\/2024\/06\/anh-bia-sun-cream-scaled.jpg\",\"datePublished\":\"2024-06-27T08:48:56+00:00\",\"dateModified\":\"2024-06-27T08:53:02+00:00\",\"description\":\"Dung t\u00edch\/ Tr\u1ecdng l\u01b0\u1ee3ng: 50 gr. C\u00f4ng d\u1ee5ng: Ch\u1ed1ng t\u00e1c h\u1ea1i c\u1ee7a \u00e1nh s\u00e1ng m\u1eb7t tr\u1eddi, ch\u1ed1ng tia UVA, UVB, \u0111\u1ed3ng th\u1eddi k\u1ebft h\u1ee3p c\u1ea5p \u1ea9m, l\u00e0m s\u00e1ng, l\u00e0m d\u1ecbu da, gi\u00fap ng\u0103n ng\u1eeba l\u00e3o h\u00f3a da. Xu\u1ea5t x\u1ee9: Vi\u1ec7t Nam\",\"breadcrumb\":{\"@id\":\"https:\/\/gbm.com.vn\/?product=mcare-sun-cream-spf65-pa-kem-chong-nang-vat-ly#breadcrumb\"},\"inLanguage\":\"vi\",\"potentialAction\":[{\"@type\":\"ReadAction\",\"target\":[\"https:\/\/gbm.com.vn\/?product=mcare-sun-cream-spf65-pa-kem-chong-nang-vat-ly\"]}]},{\"@type\":\"ImageObject\",\"inLanguage\":\"vi\",\"@id\":\"https:\/\/gbm.com.vn\/?product=mcare-sun-cream-spf65-pa-kem-chong-nang-vat-ly#primaryimage\",\"url\":\"https:\/\/gbm.com.vn\/wp-content\/uploads\/2024\/06\/anh-bia-sun-cream-scaled.jpg\",\"contentUrl\":\"https:\/\/gbm.com.vn\/wp-content\/uploads\/2024\/06\/anh-bia-sun-cream-scaled.jpg\",\"width\":1707,\"height\":2560},{\"@type\":\"BreadcrumbList\",\"@id\":\"https:\/\/gbm.com.vn\/?product=mcare-sun-cream-spf65-pa-kem-chong-nang-vat-ly#breadcrumb\",\"itemListElement\":[{\"@type\":\"ListItem\",\"position\":1,\"name\":\"Trang ch\u1ee7\",\"item\":\"https:\/\/gbm.com.vn\/\"},{\"@type\":\"ListItem\",\"position\":2,\"name\":\"Shop\",\"item\":\"https:\/\/gbm.com.vn\/?page_id=8\"},{\"@type\":\"ListItem\",\"position\":3,\"name\":\"Mcare \u2013 Sun Cream SPF65 PA+++ &#8211; Kem Ch\u1ed1ng N\u1eafng V\u1eadt L\u00fd\"}]},{\"@type\":\"WebSite\",\"@id\":\"https:\/\/gbm.com.vn\/#website\",\"url\":\"https:\/\/gbm.com.vn\/\",\"name\":\"gbm.com.vn\",\"description\":\"GBM Official Website\",\"publisher\":{\"@id\":\"https:\/\/gbm.com.vn\/#\/schema\/person\/30083509a9d7bd3453b90d3952e16bb1\"},\"potentialAction\":[{\"@type\":\"SearchAction\",\"target\":{\"@type\":\"EntryPoint\",\"urlTemplate\":\"https:\/\/gbm.com.vn\/?s={search_term_string}\"},\"query-input\":\"required name=search_term_string\"}],\"inLanguage\":\"vi\"},{\"@type\":[\"Person\",\"Organization\"],\"@id\":\"https:\/\/gbm.com.vn\/#\/schema\/person\/30083509a9d7bd3453b90d3952e16bb1\",\"name\":\"adgbmpro\",\"image\":{\"@type\":\"ImageObject\",\"inLanguage\":\"vi\",\"@id\":\"https:\/\/gbm.com.vn\/#\/schema\/person\/image\/\",\"url\":\"https:\/\/gbm.com.vn\/wp-content\/uploads\/2021\/11\/logo-GBM.png\",\"contentUrl\":\"https:\/\/gbm.com.vn\/wp-content\/uploads\/2021\/11\/logo-GBM.png\",\"width\":111,\"height\":111,\"caption\":\"adgbmpro\"},\"logo\":{\"@id\":\"https:\/\/gbm.com.vn\/#\/schema\/person\/image\/\"},\"sameAs\":[\"https:\/\/gbm.com.vn\"]}]}<\/script>\n<!-- \/ Yoast SEO plugin. -->","yoast_head_json":{"title":"Mcare \u2013 Sun Cream SPF65 PA+++ - Kem Ch\u1ed1ng N\u1eafng V\u1eadt L\u00fd - gbm.com.vn","description":"Dung t\u00edch\/ Tr\u1ecdng l\u01b0\u1ee3ng: 50 gr. C\u00f4ng d\u1ee5ng: Ch\u1ed1ng t\u00e1c h\u1ea1i c\u1ee7a \u00e1nh s\u00e1ng m\u1eb7t tr\u1eddi, ch\u1ed1ng tia UVA, UVB, \u0111\u1ed3ng th\u1eddi k\u1ebft h\u1ee3p c\u1ea5p \u1ea9m, l\u00e0m s\u00e1ng, l\u00e0m d\u1ecbu da, gi\u00fap ng\u0103n ng\u1eeba l\u00e3o h\u00f3a da. Xu\u1ea5t x\u1ee9: Vi\u1ec7t Nam","robots":{"index":"index","follow":"follow","max-snippet":"max-snippet:-1","max-image-preview":"max-image-preview:large","max-video-preview":"max-video-preview:-1"},"canonical":"https:\/\/gbm.com.vn\/?product=mcare-sun-cream-spf65-pa-kem-chong-nang-vat-ly","og_locale":"vi_VN","og_type":"article","og_title":"Mcare \u2013 Sun Cream SPF65 PA+++ - Kem Ch\u1ed1ng N\u1eafng V\u1eadt L\u00fd - gbm.com.vn","og_description":"Dung t\u00edch\/ Tr\u1ecdng l\u01b0\u1ee3ng: 50 gr. C\u00f4ng d\u1ee5ng: Ch\u1ed1ng t\u00e1c h\u1ea1i c\u1ee7a \u00e1nh s\u00e1ng m\u1eb7t tr\u1eddi, ch\u1ed1ng tia UVA, UVB, \u0111\u1ed3ng th\u1eddi k\u1ebft h\u1ee3p c\u1ea5p \u1ea9m, l\u00e0m s\u00e1ng, l\u00e0m d\u1ecbu da, gi\u00fap ng\u0103n ng\u1eeba l\u00e3o h\u00f3a da. Xu\u1ea5t x\u1ee9: Vi\u1ec7t Nam","og_url":"https:\/\/gbm.com.vn\/?product=mcare-sun-cream-spf65-pa-kem-chong-nang-vat-ly","og_site_name":"gbm.com.vn","article_modified_time":"2024-06-27T08:53:02+00:00","og_image":[{"width":1707,"height":2560,"url":"https:\/\/gbm.com.vn\/wp-content\/uploads\/2024\/06\/anh-bia-sun-cream-scaled.jpg","type":"image\/jpeg"}],"twitter_card":"summary_large_image","twitter_misc":{"\u01af\u1edbc t\u00ednh th\u1eddi gian \u0111\u1ecdc":"3 ph\u00fat"},"schema":{"@context":"https:\/\/schema.org","@graph":[{"@type":"WebPage","@id":"https:\/\/gbm.com.vn\/?product=mcare-sun-cream-spf65-pa-kem-chong-nang-vat-ly","url":"https:\/\/gbm.com.vn\/?product=mcare-sun-cream-spf65-pa-kem-chong-nang-vat-ly","name":"Mcare \u2013 Sun Cream SPF65 PA+++ - Kem Ch\u1ed1ng N\u1eafng V\u1eadt L\u00fd - gbm.com.vn","isPartOf":{"@id":"https:\/\/gbm.com.vn\/#website"},"primaryImageOfPage":{"@id":"https:\/\/gbm.com.vn\/?product=mcare-sun-cream-spf65-pa-kem-chong-nang-vat-ly#primaryimage"},"image":{"@id":"https:\/\/gbm.com.vn\/?product=mcare-sun-cream-spf65-pa-kem-chong-nang-vat-ly#primaryimage"},"thumbnailUrl":"https:\/\/gbm.com.vn\/wp-content\/uploads\/2024\/06\/anh-bia-sun-cream-scaled.jpg","datePublished":"2024-06-27T08:48:56+00:00","dateModified":"2024-06-27T08:53:02+00:00","description":"Dung t\u00edch\/ Tr\u1ecdng l\u01b0\u1ee3ng: 50 gr. C\u00f4ng d\u1ee5ng: Ch\u1ed1ng t\u00e1c h\u1ea1i c\u1ee7a \u00e1nh s\u00e1ng m\u1eb7t tr\u1eddi, ch\u1ed1ng tia UVA, UVB, \u0111\u1ed3ng th\u1eddi k\u1ebft h\u1ee3p c\u1ea5p \u1ea9m, l\u00e0m s\u00e1ng, l\u00e0m d\u1ecbu da, gi\u00fap ng\u0103n ng\u1eeba l\u00e3o h\u00f3a da. Xu\u1ea5t x\u1ee9: Vi\u1ec7t Nam","breadcrumb":{"@id":"https:\/\/gbm.com.vn\/?product=mcare-sun-cream-spf65-pa-kem-chong-nang-vat-ly#breadcrumb"},"inLanguage":"vi","potentialAction":[{"@type":"ReadAction","target":["https:\/\/gbm.com.vn\/?product=mcare-sun-cream-spf65-pa-kem-chong-nang-vat-ly"]}]},{"@type":"ImageObject","inLanguage":"vi","@id":"https:\/\/gbm.com.vn\/?product=mcare-sun-cream-spf65-pa-kem-chong-nang-vat-ly#primaryimage","url":"https:\/\/gbm.com.vn\/wp-content\/uploads\/2024\/06\/anh-bia-sun-cream-scaled.jpg","contentUrl":"https:\/\/gbm.com.vn\/wp-content\/uploads\/2024\/06\/anh-bia-sun-cream-scaled.jpg","width":1707,"height":2560},{"@type":"BreadcrumbList","@id":"https:\/\/gbm.com.vn\/?product=mcare-sun-cream-spf65-pa-kem-chong-nang-vat-ly#breadcrumb","itemListElement":[{"@type":"ListItem","position":1,"name":"Trang ch\u1ee7","item":"https:\/\/gbm.com.vn\/"},{"@type":"ListItem","position":2,"name":"Shop","item":"https:\/\/gbm.com.vn\/?page_id=8"},{"@type":"ListItem","position":3,"name":"Mcare \u2013 Sun Cream SPF65 PA+++ &#8211; Kem Ch\u1ed1ng N\u1eafng V\u1eadt L\u00fd"}]},{"@type":"WebSite","@id":"https:\/\/gbm.com.vn\/#website","url":"https:\/\/gbm.com.vn\/","name":"gbm.com.vn","description":"GBM Official Website","publisher":{"@id":"https:\/\/gbm.com.vn\/#\/schema\/person\/30083509a9d7bd3453b90d3952e16bb1"},"potentialAction":[{"@type":"SearchAction","target":{"@type":"EntryPoint","urlTemplate":"https:\/\/gbm.com.vn\/?s={search_term_string}"},"query-input":"required name=search_term_string"}],"inLanguage":"vi"},{"@type":["Person","Organization"],"@id":"https:\/\/gbm.com.vn\/#\/schema\/person\/30083509a9d7bd3453b90d3952e16bb1","name":"adgbmpro","image":{"@type":"ImageObject","inLanguage":"vi","@id":"https:\/\/gbm.com.vn\/#\/schema\/person\/image\/","url":"https:\/\/gbm.com.vn\/wp-content\/uploads\/2021\/11\/logo-GBM.png","contentUrl":"https:\/\/gbm.com.vn\/wp-content\/uploads\/2021\/11\/logo-GBM.png","width":111,"height":111,"caption":"adgbmpro"},"logo":{"@id":"https:\/\/gbm.com.vn\/#\/schema\/person\/image\/"},"sameAs":["https:\/\/gbm.com.vn"]}]}},"_links":{"self":[{"href":"https:\/\/gbm.com.vn\/index.php?rest_route=\/wp\/v2\/product\/1417","targetHints":{"allow":["GET"]}}],"collection":[{"href":"https:\/\/gbm.com.vn\/index.php?rest_route=\/wp\/v2\/product"}],"about":[{"href":"https:\/\/gbm.com.vn\/index.php?rest_route=\/wp\/v2\/types\/product"}],"wp:featuredmedia":[{"embeddable":true,"href":"https:\/\/gbm.com.vn\/index.php?rest_route=\/wp\/v2\/media\/1422"}],"wp:attachment":[{"href":"https:\/\/gbm.com.vn\/index.php?rest_route=%2Fwp%2Fv2%2Fmedia&parent=1417"}],"wp:term":[{"taxonomy":"product_cat","embeddable":true,"href":"https:\/\/gbm.com.vn\/index.php?rest_route=%2Fwp%2Fv2%2Fproduct_cat&post=1417"},{"taxonomy":"product_tag","embeddable":true,"href":"https:\/\/gbm.com.vn\/index.php?rest_route=%2Fwp%2Fv2%2Fproduct_tag&post=1417"}],"curies":[{"name":"wp","href":"https:\/\/api.w.org\/{rel}","templated":true}]}}