{"id":70,"date":"2018-08-24T01:42:22","date_gmt":"2018-08-24T01:42:22","guid":{"rendered":"http:\/\/demo.roadthemes.com\/greenfarm\/product\/import-placeholder-for-60\/"},"modified":"2021-12-20T16:02:07","modified_gmt":"2021-12-20T09:02:07","slug":"cao-massage-giam-mo","status":"publish","type":"product","link":"https:\/\/gbm.com.vn\/?product=cao-massage-giam-mo","title":{"rendered":"Cao Massage M\u1ed9c T\u00e2m"},"content":{"rendered":"<p>C\u01a1 th\u1ec3 c\u1ee7a ch\u00fang ta c\u00f3 2 lo\u1ea1i ch\u1ea5t b\u00e9o:\u00a0<i>ch\u1ea5t b\u00e9o thi\u1ebft y\u1ebfu<\/i>\u00a0v\u00e0\u00a0<i>ch\u1ea5t b\u00e9o d\u1ef1 tr\u1eef.<\/i>\u00a0Ch\u1ea5t b\u00e9o d\u1ef1 tr\u1eef t\u00edch l\u0169y d\u01b0\u1edbi da, b\u00e1m v\u00e0o c\u01a1 b\u1eafp v\u00e0 c\u01a1 quan n\u1ed9i t\u1ea1ng. N\u1ebfu l\u01b0\u1ee3ng ch\u1ea5t b\u00e9o n\u00e0y v\u01b0\u1ee3t qu\u00e1 ph\u1ea1m vi cho ph\u00e9p s\u1ebd tr\u1edf th\u00e0nh m\u1ee1 th\u1eeba v\u00e0 n\u1ebfu t\u00edch t\u1ee5 qu\u00e1 nhi\u1ec1u s\u1ebd g\u00e2y n\u00ean t\u00ecnh tr\u1ea1ng b\u00e9o ph\u00ec v\u00e0 c\u00f3 nguy c\u01a1 d\u1eabn \u0111\u1ebfn c\u00e1c b\u1ec7nh v\u1ec1 tim m\u1ea1ch, ti\u1ec3u \u0111\u01b0\u1eddng. Nguy\u00ean nh\u00e2n d\u1eabn \u0111\u1ebfn t\u00ecnh tr\u1ea1ng t\u00edch t\u1ee5 m\u1ee1 th\u1eeba l\u00e0 do ch\u00fang ta l\u01b0\u1eddi v\u1eadn \u0111\u1ed9ng, ch\u1ebf \u0111\u1ed9 dinh d\u01b0\u1ee1ng kh\u00f4ng h\u1ee3p l\u00fd, sinh ho\u1ea1t kh\u00f4ng l\u00e0nh m\u1ea1nh, thay \u0111\u1ed5i n\u1ed9i ti\u1ebft t\u1ed1 trong c\u01a1 th\u1ec3,\u2026 Ngo\u00e0i ra, m\u1ee1 th\u1eeba c\u00f2n g\u00e2y m\u1ea5t th\u1ea9m m\u1ef9, khi\u1ebfn ch\u00fang ta tr\u1edf n\u00ean m\u1ea5t t\u1ef1 tin, \u0111\u1eb7c bi\u1ec7t l\u00e0 c\u00e1c ch\u1ecb em ph\u1ee5 n\u1eef.<\/p>\n<p>Th\u1ea5u hi\u1ec3u mong mu\u1ed1n \u0111\u01b0\u1ee3c s\u1edf h\u1eefu m\u1ed9t v\u00f3c d\u00e1ng \u0111\u1eb9p, thon g\u1ecdn c\u1ee7a nhi\u1ec1u ch\u1ecb em, M\u1ed9c T\u00e2m \u0111\u00e3 cho ra \u0111\u1eddi s\u1ea3n ph\u1ea9m Cao massage v\u1edbi c\u00e1c th\u00e0nh ph\u1ea7n chi\u1ebft xu\u1ea5t t\u1eeb thi\u00ean nhi\u00ean v\u00f4 c\u00f9ng an to\u00e0n, l\u00e0nh t\u00ednh, gi\u00fap \u0111\u00e1nh bay m\u1ee1 th\u1eeba tr\u00ean da, l\u00e0m s\u0103n ch\u1eafc c\u01a1 th\u1ec3, gi\u00fap ch\u1ecb em l\u1ea5y l\u1ea1i s\u1ef1 t\u1ef1 tin v\u1ed1n c\u00f3 c\u1ee7a m\u00ecnh.<\/p>\n<p><b>CAO MASSAGE M\u1ed8C T\u00c2M\u00a0<\/b>l\u00e0 s\u1ea3n ph\u1ea9m d\u00f9ng \u0111\u1ec3 massage to\u00e0n th\u00e2n c\u1ee7a th\u01b0\u01a1ng hi\u1ec7u M\u1ef9 Ph\u1ea9m S\u1ea1ch M\u1ed9c T\u00e2m, \u0111\u01b0\u1ee3c chi\u1ebft xu\u1ea5t ho\u00e0n to\u00e0n t\u1eeb ngu\u1ed3n g\u1ed1c t\u1ef1 nhi\u00ean, v\u00f4 c\u00f9ng an to\u00e0n v\u00e0 l\u00e0nh t\u00ednh cho da.<\/p>\n<p><b>C\u00d4NG D\u1ee4NG:<\/b><\/p>\n<ul>\n<li aria-level=\"1\">D\u00f9ng \u0111\u1ec3 massage , gi\u00fap l\u00e0m s\u0103n ch\u1eafc, gi\u1ea3m l\u01b0\u1ee3ng m\u1ee1 th\u1eeba tr\u00ean da nh\u1edd nh\u1eefng chuy\u1ec3n \u0111\u1ed9ng tr\u00f2n nh\u1eb9 nh\u00e0ng trong qu\u00e1 tr\u00ecnh massage.<\/li>\n<li aria-level=\"1\">D\u01b0\u1ee1ng \u1ea9m v\u00e0 l\u00e0m m\u1ec1m da, gi\u00fap da c\u0103ng b\u00f3ng v\u00e0 m\u1ecbn m\u00e0ng.<\/li>\n<\/ul>\n<p><b>TH\u00c0NH PH\u1ea6N:<\/b><\/p>\n<ul>\n<li aria-level=\"1\"><b>Vanillyl Butyl Ether<\/b>\u00a0c\u00f9ng c\u00e1c tinh d\u1ea7u t\u1ef1 nhi\u00ean nh\u01b0\u00a0<b>Tinh d\u1ea7u Qu\u1ebf\u00a0<\/b>v\u00e0\u00a0<b>Tinh d\u1ea7u G\u1eebng:<\/b>\u00a0gi\u00fap l\u00e0m n\u00f3ng t\u1ef1 nhi\u00ean, k\u1ebft h\u1ee3p v\u1edbi ho\u1ea1t \u0111\u1ed9ng massage g\u00f3p ph\u1ea7n t\u0103ng c\u01b0\u1eddng kh\u1ea3 n\u0103ng tu\u1ea7n ho\u00e0n m\u00e1u, gi\u1ea3m s\u1ef1 t\u00edch t\u1ee5 m\u1ee1 th\u1eeba, gi\u00fap c\u01a1 th\u1ec3 s\u0103n ch\u1eafc h\u01a1n. T\u00ednh n\u00f3ng c\u1ee7a g\u1eebng gi\u00fap \u0111\u1ed1t ch\u00e1y m\u1ee1 th\u1eeba r\u1ea5t hi\u1ec7u qu\u1ea3. V\u00ec th\u1ebf, g\u1eebng \u0111\u01b0\u1ee3c \u0111\u00e1nh gi\u00e1 l\u00e0 m\u1ed9t trong nh\u1eefng nguy\u00ean li\u1ec7u thi\u00ean nhi\u00ean t\u1ed1t nh\u1ea5t gi\u00fap l\u1ea5y l\u1ea1i v\u00f3c d\u00e1ng m\u1ed9t c\u00e1ch nhanh ch\u00f3ng.<\/li>\n<li aria-level=\"1\"><b>Chi\u1ebft xu\u1ea5t Tr\u00e0 Xanh:<\/b>\u00a0ch\u1ee9a nhi\u1ec1u ho\u1ea1t ch\u1ea5t qu\u00fd nh\u01b0 polyphenols, caffeine, catechin,\u2026 c\u00f3 t\u00e1c d\u1ee5ng oxy h\u00f3a ch\u1ea5t b\u00e9o, l\u00e0m gi\u1ea3m s\u1ef1 t\u00edch t\u1ee5 m\u1ee1 th\u1eeba cho c\u01a1 th\u1ec3, mang l\u1ea1i m\u1ed9t v\u00f3c d\u00e1ng s\u0103n ch\u1eafc.<\/li>\n<li aria-level=\"1\"><b>D\u1ea7u kho\u00e1ng, Dimethicone v\u00e0 Propylene Glycol:\u00a0<\/b>gi\u00fap d\u01b0\u1ee1ng \u1ea9m, l\u00e0m m\u1ec1m da, cho l\u00e0n da m\u1ecbn m\u00e0ng.<\/li>\n<li aria-level=\"1\"><b>Tinh d\u1ea7u Ngh\u1ec7:<\/b>\u00a0c\u00f3 t\u00e1c d\u1ee5ng kh\u00e1ng vi\u00eam v\u00e0 ng\u0103n ng\u1eeba qu\u00e1 tr\u00ecnh l\u00e3o h\u00f3a cho da.<\/li>\n<\/ul>\n<p><b>\u01afU \u0110I\u1ec2M:<\/b><\/p>\n<ul>\n<li aria-level=\"1\">Cao massage \u0111\u01b0\u1ee3c chi\u1ebft xu\u1ea5t t\u1eeb c\u00e1c th\u00e0nh ph\u1ea7n ho\u00e0n to\u00e0n t\u1eeb thi\u00ean nhi\u00ean, r\u1ea5t g\u1ea7n g\u0169i, an to\u00e0n v\u00e0 l\u00e0nh t\u00ednh cho da.<\/li>\n<li aria-level=\"1\">S\u1ea3n ph\u1ea9m c\u00f3 ch\u1ee9a c\u00e1c th\u00e0nh ph\u1ea7n mang l\u1ea1i t\u00e1c d\u1ee5ng h\u1eefu hi\u1ec7u trong vi\u1ec7c l\u00e0m gi\u1ea3m s\u1ef1 t\u00edch t\u1ee5 m\u1ee1 th\u1eeba nh\u01b0 G\u1eebng, Tr\u00e0 Xanh, Qu\u1ebf,\u2026 gi\u00fap c\u00e1c ch\u1ecb em c\u00f3 th\u1ec3 nhanh ch\u00f3ng s\u1edf h\u1eefu \u0111\u01b0\u1ee3c v\u00f3c d\u00e1ng m\u00e0 m\u00ecnh mong mu\u1ed1n.<\/li>\n<\/ul>\n<p><strong>H\u1ea1n s\u1eed d\u1ee5ng:<\/strong> 2 n\u0103m k\u1ec3 t\u1eeb ng\u00e0y s\u1ea3n xu\u1ea5t<\/p>\n","protected":false},"excerpt":{"rendered":"<p><strong>Dung t\u00edch\/Tr\u1ecdng l\u01b0\u1ee3ng:<\/strong>\u00a0150g \u2013 50g<\/p>\n<p><strong>D\u1ea1ng s\u1ea3n ph\u1ea9m:<\/strong>\u00a0D\u1ea1ng kem<\/p>\n<p><strong>Xu\u1ea5t x\u1ee9:<\/strong>\u00a0Made in Vietnam<\/p>\n","protected":false},"featured_media":1377,"template":"","meta":[],"product_cat":[105],"product_tag":[],"class_list":{"0":"post-70","1":"product","2":"type-product","3":"status-publish","4":"has-post-thumbnail","6":"product_cat-body-care","8":"first","9":"instock","10":"shipping-taxable","11":"purchasable","12":"product-type-variable"},"yoast_head":"<!-- This site is optimized with the Yoast SEO plugin v23.0 - https:\/\/yoast.com\/wordpress\/plugins\/seo\/ -->\n<title>Cao Massage M\u1ed9c T\u00e2m - gbm.com.vn<\/title>\n<meta name=\"description\" content=\"CAO MASSAGE M\u1ed8C T\u00c2M\u00a0l\u00e0 s\u1ea3n ph\u1ea9m d\u00f9ng \u0111\u1ec3 massage to\u00e0n th\u00e2n c\u1ee7a th\u01b0\u01a1ng hi\u1ec7u M\u1ef9 Ph\u1ea9m S\u1ea1ch M\u1ed9c T\u00e2m, \u0111\u01b0\u1ee3c chi\u1ebft xu\u1ea5t ho\u00e0n to\u00e0n t\u1eeb ngu\u1ed3n g\u1ed1c t\u1ef1 nhi\u00ean, v\u00f4 c\u00f9ng an to\u00e0n v\u00e0 l\u00e0nh t\u00ednh cho da.\" \/>\n<meta name=\"robots\" content=\"index, follow, max-snippet:-1, max-image-preview:large, max-video-preview:-1\" \/>\n<link rel=\"canonical\" href=\"https:\/\/gbm.com.vn\/?product=cao-massage-giam-mo\" \/>\n<meta property=\"og:locale\" content=\"vi_VN\" \/>\n<meta property=\"og:type\" content=\"article\" \/>\n<meta property=\"og:title\" content=\"Cao Massage M\u1ed9c T\u00e2m - gbm.com.vn\" \/>\n<meta property=\"og:description\" content=\"CAO MASSAGE M\u1ed8C T\u00c2M\u00a0l\u00e0 s\u1ea3n ph\u1ea9m d\u00f9ng \u0111\u1ec3 massage to\u00e0n th\u00e2n c\u1ee7a th\u01b0\u01a1ng hi\u1ec7u M\u1ef9 Ph\u1ea9m S\u1ea1ch M\u1ed9c T\u00e2m, \u0111\u01b0\u1ee3c chi\u1ebft xu\u1ea5t ho\u00e0n to\u00e0n t\u1eeb ngu\u1ed3n g\u1ed1c t\u1ef1 nhi\u00ean, v\u00f4 c\u00f9ng an to\u00e0n v\u00e0 l\u00e0nh t\u00ednh cho da.\" \/>\n<meta property=\"og:url\" content=\"https:\/\/gbm.com.vn\/?product=cao-massage-giam-mo\" \/>\n<meta property=\"og:site_name\" content=\"gbm.com.vn\" \/>\n<meta property=\"article:modified_time\" content=\"2021-12-20T09:02:07+00:00\" \/>\n<meta property=\"og:image\" content=\"https:\/\/gbm.com.vn\/wp-content\/uploads\/2018\/08\/cao-massage-moc-tam-50g-4.jpg\" \/>\n\t<meta property=\"og:image:width\" content=\"800\" \/>\n\t<meta property=\"og:image:height\" content=\"800\" \/>\n\t<meta property=\"og:image:type\" content=\"image\/jpeg\" \/>\n<meta name=\"twitter:card\" content=\"summary_large_image\" \/>\n<meta name=\"twitter:label1\" content=\"\u01af\u1edbc t\u00ednh th\u1eddi gian \u0111\u1ecdc\" \/>\n\t<meta name=\"twitter:data1\" content=\"3 ph\u00fat\" \/>\n<script type=\"application\/ld+json\" class=\"yoast-schema-graph\">{\"@context\":\"https:\/\/schema.org\",\"@graph\":[{\"@type\":\"WebPage\",\"@id\":\"https:\/\/gbm.com.vn\/?product=cao-massage-giam-mo\",\"url\":\"https:\/\/gbm.com.vn\/?product=cao-massage-giam-mo\",\"name\":\"Cao Massage M\u1ed9c T\u00e2m - gbm.com.vn\",\"isPartOf\":{\"@id\":\"https:\/\/gbm.com.vn\/#website\"},\"primaryImageOfPage\":{\"@id\":\"https:\/\/gbm.com.vn\/?product=cao-massage-giam-mo#primaryimage\"},\"image\":{\"@id\":\"https:\/\/gbm.com.vn\/?product=cao-massage-giam-mo#primaryimage\"},\"thumbnailUrl\":\"https:\/\/gbm.com.vn\/wp-content\/uploads\/2018\/08\/cao-massage-moc-tam-50g-4.jpg\",\"datePublished\":\"2018-08-24T01:42:22+00:00\",\"dateModified\":\"2021-12-20T09:02:07+00:00\",\"description\":\"CAO MASSAGE M\u1ed8C T\u00c2M\u00a0l\u00e0 s\u1ea3n ph\u1ea9m d\u00f9ng \u0111\u1ec3 massage to\u00e0n th\u00e2n c\u1ee7a th\u01b0\u01a1ng hi\u1ec7u M\u1ef9 Ph\u1ea9m S\u1ea1ch M\u1ed9c T\u00e2m, \u0111\u01b0\u1ee3c chi\u1ebft xu\u1ea5t ho\u00e0n to\u00e0n t\u1eeb ngu\u1ed3n g\u1ed1c t\u1ef1 nhi\u00ean, v\u00f4 c\u00f9ng an to\u00e0n v\u00e0 l\u00e0nh t\u00ednh cho da.\",\"breadcrumb\":{\"@id\":\"https:\/\/gbm.com.vn\/?product=cao-massage-giam-mo#breadcrumb\"},\"inLanguage\":\"vi\",\"potentialAction\":[{\"@type\":\"ReadAction\",\"target\":[\"https:\/\/gbm.com.vn\/?product=cao-massage-giam-mo\"]}]},{\"@type\":\"ImageObject\",\"inLanguage\":\"vi\",\"@id\":\"https:\/\/gbm.com.vn\/?product=cao-massage-giam-mo#primaryimage\",\"url\":\"https:\/\/gbm.com.vn\/wp-content\/uploads\/2018\/08\/cao-massage-moc-tam-50g-4.jpg\",\"contentUrl\":\"https:\/\/gbm.com.vn\/wp-content\/uploads\/2018\/08\/cao-massage-moc-tam-50g-4.jpg\",\"width\":800,\"height\":800,\"caption\":\"Cao Massage M\u1ed9c T\u00e2m 50g\"},{\"@type\":\"BreadcrumbList\",\"@id\":\"https:\/\/gbm.com.vn\/?product=cao-massage-giam-mo#breadcrumb\",\"itemListElement\":[{\"@type\":\"ListItem\",\"position\":1,\"name\":\"Trang ch\u1ee7\",\"item\":\"https:\/\/gbm.com.vn\/\"},{\"@type\":\"ListItem\",\"position\":2,\"name\":\"Shop\",\"item\":\"https:\/\/gbm.com.vn\/?page_id=8\"},{\"@type\":\"ListItem\",\"position\":3,\"name\":\"Cao Massage M\u1ed9c T\u00e2m\"}]},{\"@type\":\"WebSite\",\"@id\":\"https:\/\/gbm.com.vn\/#website\",\"url\":\"https:\/\/gbm.com.vn\/\",\"name\":\"gbm.com.vn\",\"description\":\"GBM Official Website\",\"publisher\":{\"@id\":\"https:\/\/gbm.com.vn\/#\/schema\/person\/30083509a9d7bd3453b90d3952e16bb1\"},\"potentialAction\":[{\"@type\":\"SearchAction\",\"target\":{\"@type\":\"EntryPoint\",\"urlTemplate\":\"https:\/\/gbm.com.vn\/?s={search_term_string}\"},\"query-input\":\"required name=search_term_string\"}],\"inLanguage\":\"vi\"},{\"@type\":[\"Person\",\"Organization\"],\"@id\":\"https:\/\/gbm.com.vn\/#\/schema\/person\/30083509a9d7bd3453b90d3952e16bb1\",\"name\":\"adgbmpro\",\"image\":{\"@type\":\"ImageObject\",\"inLanguage\":\"vi\",\"@id\":\"https:\/\/gbm.com.vn\/#\/schema\/person\/image\/\",\"url\":\"https:\/\/gbm.com.vn\/wp-content\/uploads\/2021\/11\/logo-GBM.png\",\"contentUrl\":\"https:\/\/gbm.com.vn\/wp-content\/uploads\/2021\/11\/logo-GBM.png\",\"width\":111,\"height\":111,\"caption\":\"adgbmpro\"},\"logo\":{\"@id\":\"https:\/\/gbm.com.vn\/#\/schema\/person\/image\/\"},\"sameAs\":[\"https:\/\/gbm.com.vn\"]}]}<\/script>\n<!-- \/ Yoast SEO plugin. -->","yoast_head_json":{"title":"Cao Massage M\u1ed9c T\u00e2m - gbm.com.vn","description":"CAO MASSAGE M\u1ed8C T\u00c2M\u00a0l\u00e0 s\u1ea3n ph\u1ea9m d\u00f9ng \u0111\u1ec3 massage to\u00e0n th\u00e2n c\u1ee7a th\u01b0\u01a1ng hi\u1ec7u M\u1ef9 Ph\u1ea9m S\u1ea1ch M\u1ed9c T\u00e2m, \u0111\u01b0\u1ee3c chi\u1ebft xu\u1ea5t ho\u00e0n to\u00e0n t\u1eeb ngu\u1ed3n g\u1ed1c t\u1ef1 nhi\u00ean, v\u00f4 c\u00f9ng an to\u00e0n v\u00e0 l\u00e0nh t\u00ednh cho da.","robots":{"index":"index","follow":"follow","max-snippet":"max-snippet:-1","max-image-preview":"max-image-preview:large","max-video-preview":"max-video-preview:-1"},"canonical":"https:\/\/gbm.com.vn\/?product=cao-massage-giam-mo","og_locale":"vi_VN","og_type":"article","og_title":"Cao Massage M\u1ed9c T\u00e2m - gbm.com.vn","og_description":"CAO MASSAGE M\u1ed8C T\u00c2M\u00a0l\u00e0 s\u1ea3n ph\u1ea9m d\u00f9ng \u0111\u1ec3 massage to\u00e0n th\u00e2n c\u1ee7a th\u01b0\u01a1ng hi\u1ec7u M\u1ef9 Ph\u1ea9m S\u1ea1ch M\u1ed9c T\u00e2m, \u0111\u01b0\u1ee3c chi\u1ebft xu\u1ea5t ho\u00e0n to\u00e0n t\u1eeb ngu\u1ed3n g\u1ed1c t\u1ef1 nhi\u00ean, v\u00f4 c\u00f9ng an to\u00e0n v\u00e0 l\u00e0nh t\u00ednh cho da.","og_url":"https:\/\/gbm.com.vn\/?product=cao-massage-giam-mo","og_site_name":"gbm.com.vn","article_modified_time":"2021-12-20T09:02:07+00:00","og_image":[{"width":800,"height":800,"url":"https:\/\/gbm.com.vn\/wp-content\/uploads\/2018\/08\/cao-massage-moc-tam-50g-4.jpg","type":"image\/jpeg"}],"twitter_card":"summary_large_image","twitter_misc":{"\u01af\u1edbc t\u00ednh th\u1eddi gian \u0111\u1ecdc":"3 ph\u00fat"},"schema":{"@context":"https:\/\/schema.org","@graph":[{"@type":"WebPage","@id":"https:\/\/gbm.com.vn\/?product=cao-massage-giam-mo","url":"https:\/\/gbm.com.vn\/?product=cao-massage-giam-mo","name":"Cao Massage M\u1ed9c T\u00e2m - gbm.com.vn","isPartOf":{"@id":"https:\/\/gbm.com.vn\/#website"},"primaryImageOfPage":{"@id":"https:\/\/gbm.com.vn\/?product=cao-massage-giam-mo#primaryimage"},"image":{"@id":"https:\/\/gbm.com.vn\/?product=cao-massage-giam-mo#primaryimage"},"thumbnailUrl":"https:\/\/gbm.com.vn\/wp-content\/uploads\/2018\/08\/cao-massage-moc-tam-50g-4.jpg","datePublished":"2018-08-24T01:42:22+00:00","dateModified":"2021-12-20T09:02:07+00:00","description":"CAO MASSAGE M\u1ed8C T\u00c2M\u00a0l\u00e0 s\u1ea3n ph\u1ea9m d\u00f9ng \u0111\u1ec3 massage to\u00e0n th\u00e2n c\u1ee7a th\u01b0\u01a1ng hi\u1ec7u M\u1ef9 Ph\u1ea9m S\u1ea1ch M\u1ed9c T\u00e2m, \u0111\u01b0\u1ee3c chi\u1ebft xu\u1ea5t ho\u00e0n to\u00e0n t\u1eeb ngu\u1ed3n g\u1ed1c t\u1ef1 nhi\u00ean, v\u00f4 c\u00f9ng an to\u00e0n v\u00e0 l\u00e0nh t\u00ednh cho da.","breadcrumb":{"@id":"https:\/\/gbm.com.vn\/?product=cao-massage-giam-mo#breadcrumb"},"inLanguage":"vi","potentialAction":[{"@type":"ReadAction","target":["https:\/\/gbm.com.vn\/?product=cao-massage-giam-mo"]}]},{"@type":"ImageObject","inLanguage":"vi","@id":"https:\/\/gbm.com.vn\/?product=cao-massage-giam-mo#primaryimage","url":"https:\/\/gbm.com.vn\/wp-content\/uploads\/2018\/08\/cao-massage-moc-tam-50g-4.jpg","contentUrl":"https:\/\/gbm.com.vn\/wp-content\/uploads\/2018\/08\/cao-massage-moc-tam-50g-4.jpg","width":800,"height":800,"caption":"Cao Massage M\u1ed9c T\u00e2m 50g"},{"@type":"BreadcrumbList","@id":"https:\/\/gbm.com.vn\/?product=cao-massage-giam-mo#breadcrumb","itemListElement":[{"@type":"ListItem","position":1,"name":"Trang ch\u1ee7","item":"https:\/\/gbm.com.vn\/"},{"@type":"ListItem","position":2,"name":"Shop","item":"https:\/\/gbm.com.vn\/?page_id=8"},{"@type":"ListItem","position":3,"name":"Cao Massage M\u1ed9c T\u00e2m"}]},{"@type":"WebSite","@id":"https:\/\/gbm.com.vn\/#website","url":"https:\/\/gbm.com.vn\/","name":"gbm.com.vn","description":"GBM Official Website","publisher":{"@id":"https:\/\/gbm.com.vn\/#\/schema\/person\/30083509a9d7bd3453b90d3952e16bb1"},"potentialAction":[{"@type":"SearchAction","target":{"@type":"EntryPoint","urlTemplate":"https:\/\/gbm.com.vn\/?s={search_term_string}"},"query-input":"required name=search_term_string"}],"inLanguage":"vi"},{"@type":["Person","Organization"],"@id":"https:\/\/gbm.com.vn\/#\/schema\/person\/30083509a9d7bd3453b90d3952e16bb1","name":"adgbmpro","image":{"@type":"ImageObject","inLanguage":"vi","@id":"https:\/\/gbm.com.vn\/#\/schema\/person\/image\/","url":"https:\/\/gbm.com.vn\/wp-content\/uploads\/2021\/11\/logo-GBM.png","contentUrl":"https:\/\/gbm.com.vn\/wp-content\/uploads\/2021\/11\/logo-GBM.png","width":111,"height":111,"caption":"adgbmpro"},"logo":{"@id":"https:\/\/gbm.com.vn\/#\/schema\/person\/image\/"},"sameAs":["https:\/\/gbm.com.vn"]}]}},"_links":{"self":[{"href":"https:\/\/gbm.com.vn\/index.php?rest_route=\/wp\/v2\/product\/70","targetHints":{"allow":["GET"]}}],"collection":[{"href":"https:\/\/gbm.com.vn\/index.php?rest_route=\/wp\/v2\/product"}],"about":[{"href":"https:\/\/gbm.com.vn\/index.php?rest_route=\/wp\/v2\/types\/product"}],"wp:featuredmedia":[{"embeddable":true,"href":"https:\/\/gbm.com.vn\/index.php?rest_route=\/wp\/v2\/media\/1377"}],"wp:attachment":[{"href":"https:\/\/gbm.com.vn\/index.php?rest_route=%2Fwp%2Fv2%2Fmedia&parent=70"}],"wp:term":[{"taxonomy":"product_cat","embeddable":true,"href":"https:\/\/gbm.com.vn\/index.php?rest_route=%2Fwp%2Fv2%2Fproduct_cat&post=70"},{"taxonomy":"product_tag","embeddable":true,"href":"https:\/\/gbm.com.vn\/index.php?rest_route=%2Fwp%2Fv2%2Fproduct_tag&post=70"}],"curies":[{"name":"wp","href":"https:\/\/api.w.org\/{rel}","templated":true}]}}